{"id":4513,"date":"2022-08-15T07:17:57","date_gmt":"2022-08-15T07:17:57","guid":{"rendered":"http:\/\/banjaluka.travel\/?page_id=4513"},"modified":"2022-08-15T07:21:06","modified_gmt":"2022-08-15T07:21:06","slug":"banks-and-exchange-offices","status":"publish","type":"page","link":"https:\/\/banjaluka.travel\/eng\/banks-and-exchange-offices\/","title":{"rendered":"Banks and Exchange Offices"},"content":{"rendered":"\t\t<div data-elementor-type=\"wp-page\" data-elementor-id=\"4513\" class=\"elementor elementor-4513\">\n\t\t\t\t\t\t<section class=\"elementor-section elementor-top-section elementor-element elementor-element-e244f8a elementor-section-boxed elementor-section-height-default elementor-section-height-default\" data-id=\"e244f8a\" data-element_type=\"section\" data-e-type=\"section\">\n\t\t\t\t\t\t<div class=\"elementor-container elementor-column-gap-default\">\n\t\t\t\t\t<div class=\"elementor-column elementor-col-100 elementor-top-column elementor-element elementor-element-469cb0a\" data-id=\"469cb0a\" data-element_type=\"column\" data-e-type=\"column\">\n\t\t\t<div class=\"elementor-widget-wrap elementor-element-populated\">\n\t\t\t\t\t\t<div class=\"elementor-element elementor-element-a751b3a elementor-widget elementor-widget-heading\" data-id=\"a751b3a\" data-element_type=\"widget\" data-e-type=\"widget\" data-widget_type=\"heading.default\">\n\t\t\t\t<div class=\"elementor-widget-container\">\n\t\t\t\t\t<h1 class=\"elementor-heading-title elementor-size-default\">Banks and Exchange Offices<\/h1>\t\t\t\t<\/div>\n\t\t\t\t<\/div>\n\t\t\t\t\t<\/div>\n\t\t<\/div>\n\t\t\t\t\t<\/div>\n\t\t<\/section>\n\t\t\t\t<section class=\"elementor-section elementor-top-section elementor-element elementor-element-7ace7d7 elementor-section-boxed elementor-section-height-default elementor-section-height-default\" data-id=\"7ace7d7\" data-element_type=\"section\" data-e-type=\"section\">\n\t\t\t\t\t\t<div class=\"elementor-container elementor-column-gap-default\">\n\t\t\t\t\t<div class=\"elementor-column elementor-col-100 elementor-top-column elementor-element elementor-element-67b5e03\" data-id=\"67b5e03\" data-element_type=\"column\" data-e-type=\"column\">\n\t\t\t<div class=\"elementor-widget-wrap elementor-element-populated\">\n\t\t\t\t\t\t<div class=\"elementor-element elementor-element-d48e928 elementor-widget elementor-widget-shortcode\" data-id=\"d48e928\" data-element_type=\"widget\" data-e-type=\"widget\" data-widget_type=\"shortcode.default\">\n\t\t\t\t<div class=\"elementor-widget-container\">\n\t\t\t\t\t\t\t<div class=\"elementor-shortcode\">\n<table id=\"tablepress-2\" class=\"tablepress tablepress-id-2\">\n<thead>\n<tr class=\"row-1\">\n\t<th class=\"column-1\">Name<\/th><th class=\"column-2\">Ardess<\/th><th class=\"column-3\">Phone<\/th><th class=\"column-4\">Web<\/th>\n<\/tr>\n<\/thead>\n<tbody class=\"row-striping row-hover\">\n<tr class=\"row-2\">\n\t<td class=\"column-1\">Exclusive Change<\/td><td class=\"column-2\">Aleja Svetog Save 69<\/td><td class=\"column-3\">+38751322230<\/td><td class=\"column-4\">www.exchange.ba<\/td>\n<\/tr>\n<tr class=\"row-3\">\n\t<td class=\"column-1\">Investiciono-razvojna banka RS<\/td><td class=\"column-2\">Vidovdanska 2<\/td><td class=\"column-3\">+38751334700<\/td><td class=\"column-4\">www.irbrs.org<\/td>\n<\/tr>\n<tr class=\"row-4\">\n\t<td class=\"column-1\">Addiko Bank<\/td><td class=\"column-2\">Ivana Franje Juki\u0107a 9<\/td><td class=\"column-3\">+38751241800<\/td><td class=\"column-4\">www.addiko-rs.ba<\/td>\n<\/tr>\n<tr class=\"row-5\">\n\t<td class=\"column-1\">Intesa SanPaolo<\/td><td class=\"column-2\">Trg srpskih junaka 3<\/td><td class=\"column-3\">+38751991862<\/td><td class=\"column-4\">www.intesasanpaolobanka.ba<\/td>\n<\/tr>\n<tr class=\"row-6\">\n\t<td class=\"column-1\">Komercijalna banka<\/td><td class=\"column-2\">Veselina Masle\u0161e 28<\/td><td class=\"column-3\">+38751228208<\/td><td class=\"column-4\">www.kombank-bl.com<\/td>\n<\/tr>\n<tr class=\"row-7\">\n\t<td class=\"column-1\">MF banka<\/td><td class=\"column-2\">Vase Pelagi\u0107a 22<\/td><td class=\"column-3\">+38751492743<\/td><td class=\"column-4\">www.mfbanka.com<\/td>\n<\/tr>\n<tr class=\"row-8\">\n\t<td class=\"column-1\">Nova banka<\/td><td class=\"column-2\">Kralja Alfonsa XIII 37 a <\/td><td class=\"column-3\">+38751333300<\/td><td class=\"column-4\">www.novabanka.com<\/td>\n<\/tr>\n<tr class=\"row-9\">\n\t<td class=\"column-1\">ProCredit Bank <\/td><td class=\"column-2\">Prvog kraji\u0161kog korpusa 54<\/td><td class=\"column-3\">+38751430000<\/td><td class=\"column-4\">www.procreditbank.ba<\/td>\n<\/tr>\n<tr class=\"row-10\">\n\t<td class=\"column-1\">Raiffeisen Bank<\/td><td class=\"column-2\">Vase Pelagi\u0107a 2 <\/td><td class=\"column-3\">080 929 292<\/td><td class=\"column-4\">www.raiffeisenbank.ba<\/td>\n<\/tr>\n<tr class=\"row-11\">\n\t<td class=\"column-1\">UniCredit Bank<\/td><td class=\"column-2\">Marije Bursa\u0107 7<\/td><td class=\"column-3\">+38751243200<\/td><td class=\"column-4\">www.unicreditbank-bl.ba<\/td>\n<\/tr>\n<tr class=\"row-12\">\n\t<td class=\"column-1\">NLB Razvojna banka<\/td><td class=\"column-2\">Kralja Petra I Kara\u0111or\u0111evi\u0107a 85a<\/td><td class=\"column-3\">+38766994945<\/td><td class=\"column-4\">https:\/\/www.nlb-rs.ba\/<\/td>\n<\/tr>\n<tr class=\"row-13\">\n\t<td class=\"column-1\">Sberbank<\/td><td class=\"column-2\">Jevrejska 71<\/td><td class=\"column-3\">+38751241100<\/td><td class=\"column-4\">https:\/\/www.atosbank.ba\/<\/td>\n<\/tr>\n<\/tbody>\n<\/table>\n<!-- #tablepress-2 from cache --><\/div>\n\t\t\t\t\t\t<\/div>\n\t\t\t\t<\/div>\n\t\t\t\t\t<\/div>\n\t\t<\/div>\n\t\t\t\t\t<\/div>\n\t\t<\/section>\n\t\t\t\t<\/div>\n\t\t","protected":false},"excerpt":{"rendered":"<p>Banks and Exchange Offices<\/p>\n","protected":false},"author":1303,"featured_media":0,"parent":0,"menu_order":0,"comment_status":"closed","ping_status":"closed","template":"","meta":{"footnotes":""},"class_list":["post-4513","page","type-page","status-publish","hentry"],"aioseo_notices":[],"acf":[],"_links":{"self":[{"href":"https:\/\/banjaluka.travel\/eng\/wp-json\/wp\/v2\/pages\/4513","targetHints":{"allow":["GET"]}}],"collection":[{"href":"https:\/\/banjaluka.travel\/eng\/wp-json\/wp\/v2\/pages"}],"about":[{"href":"https:\/\/banjaluka.travel\/eng\/wp-json\/wp\/v2\/types\/page"}],"author":[{"embeddable":true,"href":"https:\/\/banjaluka.travel\/eng\/wp-json\/wp\/v2\/users\/1303"}],"replies":[{"embeddable":true,"href":"https:\/\/banjaluka.travel\/eng\/wp-json\/wp\/v2\/comments?post=4513"}],"version-history":[{"count":0,"href":"https:\/\/banjaluka.travel\/eng\/wp-json\/wp\/v2\/pages\/4513\/revisions"}],"wp:attachment":[{"href":"https:\/\/banjaluka.travel\/eng\/wp-json\/wp\/v2\/media?parent=4513"}],"curies":[{"name":"wp","href":"https:\/\/api.w.org\/{rel}","templated":true}]}}