{"id":3474,"date":"2018-03-05T10:30:32","date_gmt":"2018-03-05T10:30:32","guid":{"rendered":"http:\/\/banjaluka.travel\/?page_id=3474"},"modified":"2024-10-09T12:12:11","modified_gmt":"2024-10-09T12:12:11","slug":"getting-here","status":"publish","type":"page","link":"https:\/\/banjaluka.travel\/eng\/getting-here\/","title":{"rendered":"Getting here"},"content":{"rendered":"\t\t<div data-elementor-type=\"wp-post\" data-elementor-id=\"3474\" class=\"elementor elementor-3474\">\n\t\t\t\t\t\t<section class=\"elementor-section elementor-top-section elementor-element elementor-element-deb3922 elementor-section-boxed elementor-section-height-default elementor-section-height-default\" data-id=\"deb3922\" data-element_type=\"section\" data-e-type=\"section\">\n\t\t\t\t\t\t<div class=\"elementor-container elementor-column-gap-default\">\n\t\t\t\t\t<div class=\"elementor-column elementor-col-100 elementor-top-column elementor-element elementor-element-e8fcbfc\" data-id=\"e8fcbfc\" data-element_type=\"column\" data-e-type=\"column\">\n\t\t\t<div class=\"elementor-widget-wrap elementor-element-populated\">\n\t\t\t\t\t\t<div class=\"elementor-element elementor-element-cac6c36 elementor-widget elementor-widget-heading\" data-id=\"cac6c36\" data-element_type=\"widget\" data-e-type=\"widget\" data-widget_type=\"heading.default\">\n\t\t\t\t<div class=\"elementor-widget-container\">\n\t\t\t\t\t<h1 class=\"elementor-heading-title elementor-size-default\">Getting here &amp; around<\/h1>\t\t\t\t<\/div>\n\t\t\t\t<\/div>\n\t\t\t\t\t<\/div>\n\t\t<\/div>\n\t\t\t\t\t<\/div>\n\t\t<\/section>\n\t\t\t\t<section class=\"elementor-section elementor-top-section elementor-element elementor-element-625cd3f4 elementor-section-boxed elementor-section-height-default elementor-section-height-default\" data-id=\"625cd3f4\" data-element_type=\"section\" data-e-type=\"section\">\n\t\t\t\t\t\t<div class=\"elementor-container elementor-column-gap-default\">\n\t\t\t\t\t<div class=\"elementor-column elementor-col-100 elementor-top-column elementor-element elementor-element-4202e0fa\" data-id=\"4202e0fa\" data-element_type=\"column\" data-e-type=\"column\">\n\t\t\t<div class=\"elementor-widget-wrap elementor-element-populated\">\n\t\t\t\t\t\t<div class=\"elementor-element elementor-element-76fa0d83 elementor-widget elementor-widget-heading\" data-id=\"76fa0d83\" data-element_type=\"widget\" data-e-type=\"widget\" data-widget_type=\"heading.default\">\n\t\t\t\t<div class=\"elementor-widget-container\">\n\t\t\t\t\t<h2 class=\"elementor-heading-title elementor-size-default\">Getting here<\/h2>\t\t\t\t<\/div>\n\t\t\t\t<\/div>\n\t\t\t\t<section class=\"elementor-section elementor-inner-section elementor-element elementor-element-7806e029 elementor-section-boxed elementor-section-height-default elementor-section-height-default\" data-id=\"7806e029\" data-element_type=\"section\" data-e-type=\"section\">\n\t\t\t\t\t\t<div class=\"elementor-container elementor-column-gap-default\">\n\t\t\t\t\t<div class=\"elementor-column elementor-col-50 elementor-inner-column elementor-element elementor-element-6e0abea3\" data-id=\"6e0abea3\" data-element_type=\"column\" data-e-type=\"column\">\n\t\t\t<div class=\"elementor-widget-wrap elementor-element-populated\">\n\t\t\t\t\t\t<div class=\"elementor-element elementor-element-d9c6d58 elementor-widget elementor-widget-heading\" data-id=\"d9c6d58\" data-element_type=\"widget\" data-e-type=\"widget\" data-widget_type=\"heading.default\">\n\t\t\t\t<div class=\"elementor-widget-container\">\n\t\t\t\t\t<h4 class=\"elementor-heading-title elementor-size-default\">By Plane<\/h4>\t\t\t\t<\/div>\n\t\t\t\t<\/div>\n\t\t\t\t<div class=\"elementor-element elementor-element-460185bb elementor-widget elementor-widget-text-editor\" data-id=\"460185bb\" data-element_type=\"widget\" data-e-type=\"widget\" data-widget_type=\"text-editor.default\">\n\t\t\t\t<div class=\"elementor-widget-container\">\n\t\t\t\t\t\t\t\t\t<p>For coming to Banja Luka you can use Banjaluka, Zagreb, Sarajevo or Belgrade airport. If you use neighbouring airports you will have to use transfer to Banja Luka by some other vehicle (bus, train, rent-a-car and so on.)<br>International airport Banja Luka is located on the west side of the highway M16 (E-661) Banja Luka-Gradi\u0161ka, 1.1 kilometres away from this road. It is located at the 44\u00b0 56\u2019 29\u201d north geographical width and 17\u00b0 17\u2019 51\u201d east geographical length. Its altitude is 122 m, and magnetic declination is two degrees to east. It is 23 kilometres north from Banja Luka.<\/p>\n<p><strong>Airport Banja Luka<\/strong><br>Phone: +387(0)51 535 210<br>Email: <a href=\"mailto:info@banjaluka-airport.com\">info@banjaluka-airport.com<\/a><br>Web: <a href=\"http:\/\/www.banjaluka-airport.com\/index.php\/lat\/\">www.banjaluka-airport.com<\/a><\/p>\n<p><strong>Agency \u00abArs tours\u00bb<\/strong><br>Kralja Petra I Kara\u0111or\u0111evi\u0107a 109<br>Phone: +387(0)51 219 974<br>Web: <a href=\"http:\/\/www.ars-tours.com\">www.ars-tours.com<\/a><\/p>\n<p><strong>Air Serbia<\/strong><br>Kralja Petra I Kara\u0111or\u0111evi\u0107a 109<br>Phone: +387 51 228 460<br>Web: <a href=\"https:\/\/www.airserbia.com\/\">www.airserbia.com<\/a><\/p>\n<p><br><\/p>\t\t\t\t\t\t\t\t<\/div>\n\t\t\t\t<\/div>\n\t\t\t\t\t<\/div>\n\t\t<\/div>\n\t\t\t\t<div class=\"elementor-column elementor-col-50 elementor-inner-column elementor-element elementor-element-6c0d867e\" data-id=\"6c0d867e\" data-element_type=\"column\" data-e-type=\"column\">\n\t\t\t<div class=\"elementor-widget-wrap elementor-element-populated\">\n\t\t\t\t\t\t<div class=\"elementor-element elementor-element-8e2b191 elementor-widget elementor-widget-image\" data-id=\"8e2b191\" data-element_type=\"widget\" data-e-type=\"widget\" data-widget_type=\"image.default\">\n\t\t\t\t<div class=\"elementor-widget-container\">\n\t\t\t\t\t\t\t\t\t\t\t\t\t\t\t<img fetchpriority=\"high\" decoding=\"async\" width=\"687\" height=\"581\" src=\"https:\/\/banjaluka.travel\/wp-content\/uploads\/2023\/05\/airplane-flying-airport-runway.jpg\" class=\"attachment-large size-large wp-image-6771\" alt=\"\" srcset=\"https:\/\/banjaluka.travel\/wp-content\/uploads\/2023\/05\/airplane-flying-airport-runway.jpg 687w, https:\/\/banjaluka.travel\/wp-content\/uploads\/2023\/05\/airplane-flying-airport-runway-300x254.jpg 300w, https:\/\/banjaluka.travel\/wp-content\/uploads\/2023\/05\/airplane-flying-airport-runway-14x12.jpg 14w, https:\/\/banjaluka.travel\/wp-content\/uploads\/2023\/05\/airplane-flying-airport-runway-600x507.jpg 600w\" sizes=\"(max-width: 687px) 100vw, 687px\" \/>\t\t\t\t\t\t\t\t\t\t\t\t\t\t\t<\/div>\n\t\t\t\t<\/div>\n\t\t\t\t\t<\/div>\n\t\t<\/div>\n\t\t\t\t\t<\/div>\n\t\t<\/section>\n\t\t\t\t\t<\/div>\n\t\t<\/div>\n\t\t\t\t\t<\/div>\n\t\t<\/section>\n\t\t\t\t<section class=\"elementor-section elementor-top-section elementor-element elementor-element-f627e16 elementor-section-boxed elementor-section-height-default elementor-section-height-default\" data-id=\"f627e16\" data-element_type=\"section\" data-e-type=\"section\">\n\t\t\t\t\t\t<div class=\"elementor-container elementor-column-gap-default\">\n\t\t\t\t\t<div class=\"elementor-column elementor-col-100 elementor-top-column elementor-element elementor-element-61e5223\" data-id=\"61e5223\" data-element_type=\"column\" data-e-type=\"column\">\n\t\t\t<div class=\"elementor-widget-wrap elementor-element-populated\">\n\t\t\t\t\t\t<div class=\"elementor-element elementor-element-53aae6d9 elementor-widget elementor-widget-heading\" data-id=\"53aae6d9\" data-element_type=\"widget\" data-e-type=\"widget\" data-widget_type=\"heading.default\">\n\t\t\t\t<div class=\"elementor-widget-container\">\n\t\t\t\t\t<h4 class=\"elementor-heading-title elementor-size-default\">By Car<\/h4>\t\t\t\t<\/div>\n\t\t\t\t<\/div>\n\t\t\t\t<div class=\"elementor-element elementor-element-713a9f2d elementor-widget elementor-widget-text-editor\" data-id=\"713a9f2d\" data-element_type=\"widget\" data-e-type=\"widget\" data-widget_type=\"text-editor.default\">\n\t\t\t\t<div class=\"elementor-widget-container\">\n\t\t\t\t\t\t\t\t\t<p>Banja Luka is located on the highway M16 with the international label E661 that is withal the most important highway in this region. This itinerary connects Central Europe and Eastern Europe with the Adriatic coast, which was used by ancient Romans for the purpose of connecting Dalmatia and Pannonia. Banjaluka is the intersection of regional itineraries on the east-west direction as well as the southeast- southwest direction that connect the Town with Prijedor, Doboj, Derventa, Tesli\u0107, Klju\u010d and other places. In addition, the whole region is intersected by concrete roads of local importance.<\/p><p>Zagreb is around 167 kilometres away from Banja Luka. If you come to Banja Luka from Zagreb enter the motorway E70 to east and Belgrade. On the kilometre 106, from Zagreb, in the place Oku\u010dani come out of the motorway and turn right to the road E661 and drive south to border crossing of Bosnia and Herzegovina in Gradi\u0161ka (11kilometers). From Gradi\u0161ka you continue via the same road (E661) to south and Banja Luka (50kilometers).<\/p><p>Beograd is 350 kilometres away from Banja Luka. If you come to Banja Luka from Belgrade, enter the highway E70 to west and Zagreb. On the kilometre 300 in the place Oku\u010dani come out from the highway and turn right to the road E661 and drive south to border crossing of Bosnia and Herzegovina in Gradi\u0161ka (11kilometers). From Gradi\u0161ka you continue via the same road (E661)to south and Banja Luka (50kilometers).<\/p><p>Sarajevo is around 250 kilometres away from Banja Luka. If you come to Banja Luka from Sarajevo go to southwest to the place Kakanj and highway E-73 and on that road and the sixtieth kilometre you have two different roads that lead to Banja Luka. The first, better and longer, continues via the road E73 to north and places Zenica and Maglaj, and on the seventeenth kilometre from Doboj turn left and continue the trip towards Derventa, Prnjavor and Kla\u0161nice. In Kla\u0161nice you turn left and enter the highway M16 (E661) and continue driving 16 kilometre south for Banjaluka. The second, shorter and much more interesting road will get you to the desired destination if you turn right and enter the highway E661 to Vitez, Travnik, Jajce and further to Banja Luka.<\/p><p><strong>Automobile and Motorcycle Association of RS<\/strong><br \/>Brace Podgornika 8, 78000 Banja Luka<br \/>Central Office: +387 51 301 464<br \/>Help on the road: in 1285 and +387 51 322 820<br \/>Information about traffic road conditions: +387 51 322 810 and 322 812<br \/>Email: <a href=\"mailto:kontakt@amsrs.com\">kontakt@amsrs.com<\/a><br \/>Web: <a href=\"http:\/\/www.ams-rs.com\/\">www.ams-rs.com<\/a><\/p>\t\t\t\t\t\t\t\t<\/div>\n\t\t\t\t<\/div>\n\t\t\t\t\t<\/div>\n\t\t<\/div>\n\t\t\t\t\t<\/div>\n\t\t<\/section>\n\t\t\t\t<section class=\"elementor-section elementor-top-section elementor-element elementor-element-80e8476 elementor-section-boxed elementor-section-height-default elementor-section-height-default\" data-id=\"80e8476\" data-element_type=\"section\" data-e-type=\"section\">\n\t\t\t\t\t\t<div class=\"elementor-container elementor-column-gap-default\">\n\t\t\t\t\t<div class=\"elementor-column elementor-col-50 elementor-top-column elementor-element elementor-element-044558b\" data-id=\"044558b\" data-element_type=\"column\" data-e-type=\"column\">\n\t\t\t<div class=\"elementor-widget-wrap elementor-element-populated\">\n\t\t\t\t\t\t<div class=\"elementor-element elementor-element-5a9245e2 elementor-widget elementor-widget-heading\" data-id=\"5a9245e2\" data-element_type=\"widget\" data-e-type=\"widget\" data-widget_type=\"heading.default\">\n\t\t\t\t<div class=\"elementor-widget-container\">\n\t\t\t\t\t<h4 class=\"elementor-heading-title elementor-size-default\">By Bus<\/h4>\t\t\t\t<\/div>\n\t\t\t\t<\/div>\n\t\t\t\t<div class=\"elementor-element elementor-element-61f62d1a elementor-widget elementor-widget-text-editor\" data-id=\"61f62d1a\" data-element_type=\"widget\" data-e-type=\"widget\" data-widget_type=\"text-editor.default\">\n\t\t\t\t<div class=\"elementor-widget-container\">\n\t\t\t\t\t\t\t\t\t<p>Network of bus routes covers all major places in Bosnia and Herzegovina. Besides a large number of lines to Serbia, Montenegro, Croatia, from the bus station in Banja Luka you can directly travel to ten countries of the European Union. Depending on the day, over 300 buses carries thousands of passengers. Bus station in Banja Luka is opened 24\/7, 365 days a year.<\/p><p><strong>Bus station<\/strong><br \/>Bra\u0107e Podgornika bb<br \/>Phone: +387 51 922 000<br \/> +387 51 922 002<br \/> (international reservation)<br \/>Web: <a href=\"http:\/\/www.neobas.org\/v2\/\">www.neobas.org<\/a><br \/>Working hours: 24\/7<\/p>\t\t\t\t\t\t\t\t<\/div>\n\t\t\t\t<\/div>\n\t\t\t\t\t<\/div>\n\t\t<\/div>\n\t\t\t\t<div class=\"elementor-column elementor-col-50 elementor-top-column elementor-element elementor-element-f4f3d8d\" data-id=\"f4f3d8d\" data-element_type=\"column\" data-e-type=\"column\">\n\t\t\t<div class=\"elementor-widget-wrap elementor-element-populated\">\n\t\t\t\t\t\t<div class=\"elementor-element elementor-element-b75d358 elementor-widget elementor-widget-image\" data-id=\"b75d358\" data-element_type=\"widget\" data-e-type=\"widget\" data-widget_type=\"image.default\">\n\t\t\t\t<div class=\"elementor-widget-container\">\n\t\t\t\t\t\t\t\t\t\t\t\t\t\t\t<img decoding=\"async\" width=\"639\" height=\"426\" src=\"https:\/\/banjaluka.travel\/wp-content\/uploads\/2023\/05\/tourist-buses-parking-sunrise-sunset.jpg\" class=\"attachment-large size-large wp-image-6770\" alt=\"\" srcset=\"https:\/\/banjaluka.travel\/wp-content\/uploads\/2023\/05\/tourist-buses-parking-sunrise-sunset.jpg 639w, https:\/\/banjaluka.travel\/wp-content\/uploads\/2023\/05\/tourist-buses-parking-sunrise-sunset-300x200.jpg 300w, https:\/\/banjaluka.travel\/wp-content\/uploads\/2023\/05\/tourist-buses-parking-sunrise-sunset-391x260.jpg 391w, https:\/\/banjaluka.travel\/wp-content\/uploads\/2023\/05\/tourist-buses-parking-sunrise-sunset-18x12.jpg 18w, https:\/\/banjaluka.travel\/wp-content\/uploads\/2023\/05\/tourist-buses-parking-sunrise-sunset-600x400.jpg 600w\" sizes=\"(max-width: 639px) 100vw, 639px\" \/>\t\t\t\t\t\t\t\t\t\t\t\t\t\t\t<\/div>\n\t\t\t\t<\/div>\n\t\t\t\t\t<\/div>\n\t\t<\/div>\n\t\t\t\t\t<\/div>\n\t\t<\/section>\n\t\t\t\t<section class=\"elementor-section elementor-top-section elementor-element elementor-element-d473472 elementor-section-boxed elementor-section-height-default elementor-section-height-default\" data-id=\"d473472\" data-element_type=\"section\" data-e-type=\"section\">\n\t\t\t\t\t\t<div class=\"elementor-container elementor-column-gap-default\">\n\t\t\t\t\t<div class=\"elementor-column elementor-col-50 elementor-top-column elementor-element elementor-element-fd64031\" data-id=\"fd64031\" data-element_type=\"column\" data-e-type=\"column\">\n\t\t\t<div class=\"elementor-widget-wrap elementor-element-populated\">\n\t\t\t\t\t\t<div class=\"elementor-element elementor-element-50f4930 elementor-widget elementor-widget-image\" data-id=\"50f4930\" data-element_type=\"widget\" data-e-type=\"widget\" data-widget_type=\"image.default\">\n\t\t\t\t<div class=\"elementor-widget-container\">\n\t\t\t\t\t\t\t\t\t\t\t\t\t\t\t<img decoding=\"async\" width=\"714\" height=\"476\" src=\"https:\/\/banjaluka.travel\/wp-content\/uploads\/2023\/05\/passenger-high-speed-train-with-motion-blur-station.jpg\" class=\"attachment-large size-large wp-image-6769\" alt=\"\" srcset=\"https:\/\/banjaluka.travel\/wp-content\/uploads\/2023\/05\/passenger-high-speed-train-with-motion-blur-station.jpg 714w, https:\/\/banjaluka.travel\/wp-content\/uploads\/2023\/05\/passenger-high-speed-train-with-motion-blur-station-300x200.jpg 300w, https:\/\/banjaluka.travel\/wp-content\/uploads\/2023\/05\/passenger-high-speed-train-with-motion-blur-station-391x260.jpg 391w, https:\/\/banjaluka.travel\/wp-content\/uploads\/2023\/05\/passenger-high-speed-train-with-motion-blur-station-18x12.jpg 18w, https:\/\/banjaluka.travel\/wp-content\/uploads\/2023\/05\/passenger-high-speed-train-with-motion-blur-station-600x400.jpg 600w\" sizes=\"(max-width: 714px) 100vw, 714px\" \/>\t\t\t\t\t\t\t\t\t\t\t\t\t\t\t<\/div>\n\t\t\t\t<\/div>\n\t\t\t\t\t<\/div>\n\t\t<\/div>\n\t\t\t\t<div class=\"elementor-column elementor-col-50 elementor-top-column elementor-element elementor-element-d9ff926\" data-id=\"d9ff926\" data-element_type=\"column\" data-e-type=\"column\">\n\t\t\t<div class=\"elementor-widget-wrap elementor-element-populated\">\n\t\t\t\t\t\t<div class=\"elementor-element elementor-element-f3103a0 elementor-widget elementor-widget-heading\" data-id=\"f3103a0\" data-element_type=\"widget\" data-e-type=\"widget\" data-widget_type=\"heading.default\">\n\t\t\t\t<div class=\"elementor-widget-container\">\n\t\t\t\t\t<h4 class=\"elementor-heading-title elementor-size-default\">By Train<\/h4>\t\t\t\t<\/div>\n\t\t\t\t<\/div>\n\t\t\t\t<div class=\"elementor-element elementor-element-70325dfb elementor-widget elementor-widget-text-editor\" data-id=\"70325dfb\" data-element_type=\"widget\" data-e-type=\"widget\" data-widget_type=\"text-editor.default\">\n\t\t\t\t<div class=\"elementor-widget-container\">\n\t\t\t\t\t\t\t\t\t<p>A railroad passes through Banja Luka and it connects the city to the Central Europe and Eastern Europe, as well as other parts of the Republic of Srpska and Bosnia and Herzegovina. The railroad Banja Luka- Dobrljin, which was put into action in 1873, is the first railroad of normal track in Bosnia and Herzegovina.<\/p><p>The arrival time, departure and the traffic routes for trains, you can see at the following link: <a href=\"http:\/\/www.zrs-rs.com\/\">http:\/\/www.zrs-rs.com\/<\/a><\/p><p><strong>Train station Banja Luka<\/strong><br \/>Prote Nikole Kosti\u0107a bb<br \/>Phone: +387(0)51 301 229<br \/>Web: <a href=\"http:\/\/www.zrs-rs.com\/\">www.zrs-rs.com<\/a><br \/>Working hours 24\/7<\/p>\t\t\t\t\t\t\t\t<\/div>\n\t\t\t\t<\/div>\n\t\t\t\t\t<\/div>\n\t\t<\/div>\n\t\t\t\t\t<\/div>\n\t\t<\/section>\n\t\t\t\t<section class=\"elementor-section elementor-top-section elementor-element elementor-element-0b3f4f6 elementor-section-boxed elementor-section-height-default elementor-section-height-default\" data-id=\"0b3f4f6\" data-element_type=\"section\" data-e-type=\"section\">\n\t\t\t\t\t\t<div class=\"elementor-container elementor-column-gap-default\">\n\t\t\t\t\t<div class=\"elementor-column elementor-col-100 elementor-top-column elementor-element elementor-element-83c191a\" data-id=\"83c191a\" data-element_type=\"column\" data-e-type=\"column\">\n\t\t\t<div class=\"elementor-widget-wrap elementor-element-populated\">\n\t\t\t\t\t\t<div class=\"elementor-element elementor-element-b4d0631 elementor-widget elementor-widget-heading\" data-id=\"b4d0631\" data-element_type=\"widget\" data-e-type=\"widget\" data-widget_type=\"heading.default\">\n\t\t\t\t<div class=\"elementor-widget-container\">\n\t\t\t\t\t<h2 class=\"elementor-heading-title elementor-size-default\">Getting around the city<\/h2>\t\t\t\t<\/div>\n\t\t\t\t<\/div>\n\t\t\t\t\t<\/div>\n\t\t<\/div>\n\t\t\t\t\t<\/div>\n\t\t<\/section>\n\t\t\t\t<section class=\"elementor-section elementor-top-section elementor-element elementor-element-65e403c elementor-section-boxed elementor-section-height-default elementor-section-height-default\" data-id=\"65e403c\" data-element_type=\"section\" data-e-type=\"section\">\n\t\t\t\t\t\t<div class=\"elementor-container elementor-column-gap-default\">\n\t\t\t\t\t<div class=\"elementor-column elementor-col-25 elementor-top-column elementor-element elementor-element-d0e5585\" data-id=\"d0e5585\" data-element_type=\"column\" data-e-type=\"column\">\n\t\t\t<div class=\"elementor-widget-wrap elementor-element-populated\">\n\t\t\t\t\t\t<div class=\"elementor-element elementor-element-cce2977 elementor-widget elementor-widget-image\" data-id=\"cce2977\" data-element_type=\"widget\" data-e-type=\"widget\" data-widget_type=\"image.default\">\n\t\t\t\t<div class=\"elementor-widget-container\">\n\t\t\t\t\t\t\t\t\t\t\t\t<figure class=\"wp-caption\">\n\t\t\t\t\t\t\t\t\t\t\t<a href=\"http:\/\/banjaluka.travel\/en\/taxi\/\">\n\t\t\t\t\t\t\t<img decoding=\"async\" src=\"https:\/\/banjaluka.travel\/wp-content\/uploads\/2023\/05\/rsz_yellow-black-sign-taxi-placed-top-car-night-300x300.jpg\" title=\"\" alt=\"\" loading=\"lazy\" \/>\t\t\t\t\t\t\t\t<\/a>\n\t\t\t\t\t\t\t\t\t\t\t<figcaption class=\"widget-image-caption wp-caption-text\">TAXI<\/figcaption>\n\t\t\t\t\t\t\t\t\t\t<\/figure>\n\t\t\t\t\t\t\t\t\t<\/div>\n\t\t\t\t<\/div>\n\t\t\t\t\t<\/div>\n\t\t<\/div>\n\t\t\t\t<div class=\"elementor-column elementor-col-25 elementor-top-column elementor-element elementor-element-db15503\" data-id=\"db15503\" data-element_type=\"column\" data-e-type=\"column\">\n\t\t\t<div class=\"elementor-widget-wrap elementor-element-populated\">\n\t\t\t\t\t\t<div class=\"elementor-element elementor-element-92c1be4 elementor-widget elementor-widget-image\" data-id=\"92c1be4\" data-element_type=\"widget\" data-e-type=\"widget\" data-widget_type=\"image.default\">\n\t\t\t\t<div class=\"elementor-widget-container\">\n\t\t\t\t\t\t\t\t\t\t\t\t<figure class=\"wp-caption\">\n\t\t\t\t\t\t\t\t\t\t\t<a href=\"http:\/\/banjaluka.travel\/en\/rent-a-car\/\">\n\t\t\t\t\t\t\t<img decoding=\"async\" src=\"https:\/\/banjaluka.travel\/wp-content\/uploads\/2023\/05\/rsz_attractive-brunette-woman-sitting-her-brand-new-car-taking-keys-from-vehicle-dealer-300x300.jpg\" title=\"\" alt=\"\" loading=\"lazy\" \/>\t\t\t\t\t\t\t\t<\/a>\n\t\t\t\t\t\t\t\t\t\t\t<figcaption class=\"widget-image-caption wp-caption-text\">RENT A CAR<\/figcaption>\n\t\t\t\t\t\t\t\t\t\t<\/figure>\n\t\t\t\t\t\t\t\t\t<\/div>\n\t\t\t\t<\/div>\n\t\t\t\t\t<\/div>\n\t\t<\/div>\n\t\t\t\t<div class=\"elementor-column elementor-col-25 elementor-top-column elementor-element elementor-element-e4b6d58\" data-id=\"e4b6d58\" data-element_type=\"column\" data-e-type=\"column\">\n\t\t\t<div class=\"elementor-widget-wrap elementor-element-populated\">\n\t\t\t\t\t\t<div class=\"elementor-element elementor-element-c44d8dc elementor-widget elementor-widget-image\" data-id=\"c44d8dc\" data-element_type=\"widget\" data-e-type=\"widget\" data-widget_type=\"image.default\">\n\t\t\t\t<div class=\"elementor-widget-container\">\n\t\t\t\t\t\t\t\t\t\t\t\t<figure class=\"wp-caption\">\n\t\t\t\t\t\t\t\t\t\t\t<a href=\"http:\/\/banjaluka.travel\/en\/public-transport\/\">\n\t\t\t\t\t\t\t<img decoding=\"async\" src=\"https:\/\/banjaluka.travel\/wp-content\/uploads\/2023\/05\/rsz_3view-from-sightseeing-bus-from-inside-outside-motion-toning-travel-concept-300x300.jpg\" title=\"\" alt=\"\" loading=\"lazy\" \/>\t\t\t\t\t\t\t\t<\/a>\n\t\t\t\t\t\t\t\t\t\t\t<figcaption class=\"widget-image-caption wp-caption-text\">PUBLIC TRANSPORT<\/figcaption>\n\t\t\t\t\t\t\t\t\t\t<\/figure>\n\t\t\t\t\t\t\t\t\t<\/div>\n\t\t\t\t<\/div>\n\t\t\t\t\t<\/div>\n\t\t<\/div>\n\t\t\t\t<div class=\"elementor-column elementor-col-25 elementor-top-column elementor-element elementor-element-0a47393\" data-id=\"0a47393\" data-element_type=\"column\" data-e-type=\"column\">\n\t\t\t<div class=\"elementor-widget-wrap elementor-element-populated\">\n\t\t\t\t\t\t<div class=\"elementor-element elementor-element-1cceb2a elementor-widget elementor-widget-image\" data-id=\"1cceb2a\" data-element_type=\"widget\" data-e-type=\"widget\" data-widget_type=\"image.default\">\n\t\t\t\t<div class=\"elementor-widget-container\">\n\t\t\t\t\t\t\t\t\t\t\t\t<figure class=\"wp-caption\">\n\t\t\t\t\t\t\t\t\t\t\t<a href=\"http:\/\/banjaluka.travel\/en\/parking-lots\/\">\n\t\t\t\t\t\t\t<img decoding=\"async\" src=\"https:\/\/banjaluka.travel\/wp-content\/uploads\/2023\/05\/rsz_2rsz_row-different-color-cars-asphalt-parking-lot-cloudy-summer-day-300x300.jpg\" title=\"row of different color cars on asphalt parking lot at cloudy summer day\" alt=\"row of different color cars on asphalt parking lot at cloudy summer day with selective focus\" loading=\"lazy\" \/>\t\t\t\t\t\t\t\t<\/a>\n\t\t\t\t\t\t\t\t\t\t\t<figcaption class=\"widget-image-caption wp-caption-text\">PARKING LOTS<\/figcaption>\n\t\t\t\t\t\t\t\t\t\t<\/figure>\n\t\t\t\t\t\t\t\t\t<\/div>\n\t\t\t\t<\/div>\n\t\t\t\t\t<\/div>\n\t\t<\/div>\n\t\t\t\t\t<\/div>\n\t\t<\/section>\n\t\t\t\t<\/div>\n\t\t","protected":false},"excerpt":{"rendered":"<p>Getting here &#038; around Getting here By Plane For coming to Banja Luka you can use Banjaluka, Zagreb, Sarajevo or Belgrade airport. If you use neighbouring airports you will have to use transfer to Banja Luka by some other vehicle (bus, train, rent-a-car and so on.)International airport Banja Luka is located on the west side [&hellip;]<\/p>\n","protected":false},"author":1303,"featured_media":0,"parent":0,"menu_order":0,"comment_status":"closed","ping_status":"closed","template":"","meta":{"footnotes":""},"class_list":["post-3474","page","type-page","status-publish","hentry"],"aioseo_notices":[],"acf":[],"_links":{"self":[{"href":"https:\/\/banjaluka.travel\/eng\/wp-json\/wp\/v2\/pages\/3474","targetHints":{"allow":["GET"]}}],"collection":[{"href":"https:\/\/banjaluka.travel\/eng\/wp-json\/wp\/v2\/pages"}],"about":[{"href":"https:\/\/banjaluka.travel\/eng\/wp-json\/wp\/v2\/types\/page"}],"author":[{"embeddable":true,"href":"https:\/\/banjaluka.travel\/eng\/wp-json\/wp\/v2\/users\/1303"}],"replies":[{"embeddable":true,"href":"https:\/\/banjaluka.travel\/eng\/wp-json\/wp\/v2\/comments?post=3474"}],"version-history":[{"count":0,"href":"https:\/\/banjaluka.travel\/eng\/wp-json\/wp\/v2\/pages\/3474\/revisions"}],"wp:attachment":[{"href":"https:\/\/banjaluka.travel\/eng\/wp-json\/wp\/v2\/media?parent=3474"}],"curies":[{"name":"wp","href":"https:\/\/api.w.org\/{rel}","templated":true}]}}