{"id":6828,"date":"2023-05-02T09:44:09","date_gmt":"2023-05-02T09:44:09","guid":{"rendered":"http:\/\/banjaluka.travel\/?page_id=6828"},"modified":"2024-10-09T13:10:14","modified_gmt":"2024-10-09T13:10:14","slug":"parking-lots","status":"publish","type":"page","link":"https:\/\/banjaluka.travel\/bih\/parking-lots\/","title":{"rendered":"Parkirali\u0161ta"},"content":{"rendered":"<div data-elementor-type=\"wp-page\" data-elementor-id=\"6828\" class=\"elementor elementor-6828\">\n\t\t\t\t\t\t<section class=\"elementor-section elementor-top-section elementor-element elementor-element-a84f20c elementor-section-full_width elementor-section-height-default elementor-section-height-default\" data-id=\"a84f20c\" data-element_type=\"section\" data-e-type=\"section\">\n\t\t\t\t\t\t<div class=\"elementor-container elementor-column-gap-default\">\n\t\t\t\t\t<div class=\"elementor-column elementor-col-100 elementor-top-column elementor-element elementor-element-09f92b1\" data-id=\"09f92b1\" data-element_type=\"column\" data-e-type=\"column\">\n\t\t\t<div class=\"elementor-widget-wrap elementor-element-populated\">\n\t\t\t\t\t\t<div class=\"elementor-element elementor-element-e3e5dd9 elementor-widget elementor-widget-image\" data-id=\"e3e5dd9\" data-element_type=\"widget\" data-e-type=\"widget\" data-widget_type=\"image.default\">\n\t\t\t\t<div class=\"elementor-widget-container\">\n\t\t\t\t\t\t\t\t\t\t\t\t\t\t\t<img decoding=\"async\" src=\"https:\/\/banjaluka.travel\/wp-content\/uploads\/elementor\/thumbs\/rsz_2rsz_row-different-color-cars-asphalt-parking-lot-cloudy-summer-day-q5v579c7gp8giipxdclyy9612f2jt57a8p4e92cp0g.jpg\" title=\"row of different color cars on asphalt parking lot at cloudy summer day\" alt=\"row of different color cars on asphalt parking lot at cloudy summer day with selective focus\" loading=\"lazy\" \/>\t\t\t\t\t\t\t\t\t\t\t\t\t\t\t<\/div>\n\t\t\t\t<\/div>\n\t\t\t\t\t<\/div>\n\t\t<\/div>\n\t\t\t\t\t<\/div>\n\t\t<\/section>\n\t\t\t\t<section class=\"elementor-section elementor-top-section elementor-element elementor-element-e22f132 elementor-section-boxed elementor-section-height-default elementor-section-height-default\" data-id=\"e22f132\" data-element_type=\"section\" data-e-type=\"section\">\n\t\t\t\t\t\t<div class=\"elementor-container elementor-column-gap-default\">\n\t\t\t\t\t<div class=\"elementor-column elementor-col-100 elementor-top-column elementor-element elementor-element-c4edda3\" data-id=\"c4edda3\" data-element_type=\"column\" data-e-type=\"column\">\n\t\t\t<div class=\"elementor-widget-wrap elementor-element-populated\">\n\t\t\t\t\t\t<div class=\"elementor-element elementor-element-68569fd elementor-widget elementor-widget-heading\" data-id=\"68569fd\" data-element_type=\"widget\" data-e-type=\"widget\" data-widget_type=\"heading.default\">\n\t\t\t\t<div class=\"elementor-widget-container\">\n\t\t\t\t\t<h2 class=\"elementor-heading-title elementor-size-default\">Parkirali\u0161ta<\/h2>\t\t\t\t<\/div>\n\t\t\t\t<\/div>\n\t\t\t\t<div class=\"elementor-element elementor-element-e0cc9a8 elementor-widget elementor-widget-text-editor\" data-id=\"e0cc9a8\" data-element_type=\"widget\" data-e-type=\"widget\" data-widget_type=\"text-editor.default\">\n\t\t\t\t<div class=\"elementor-widget-container\">\n\t\t\t\t\t\t\t\t\t<p><span style=\"font-weight: 400;\">There are around 2672 parking places assorted on 41 parking locations, divided into the zone I or zone II. The charge is done by automatic machines positioned on the parking lots. If you are subscribed to the m:tel mobile network you can pay for your parking place by SMS message in the following way: you send the number of the registration plates (without spaces and dashes) to one of the numbers according to the following table:<\/span><\/p><p><span style=\"font-weight: 400;\">Parking se, na ve\u0107ini parkinga, ne napla\u0107uje radnim danima od 21.00 do 07.00 \u010dasova, subotom poslije 16.00 \u010dasova, kao ni dr\u017eavnim praznicima i nedjeljom, dok se na nekim parkinzima parking napla\u0107uje i nedjeljom od 07.00 do 16.00 \u010dasova. Molimo Vas da se o pla\u0107anju parkinga informi\u0161ete na informativnim tablama koje se nalaze na parking lokacijama. Javna gara\u017ea sa obezbije\u0111enim video nadzorom se nalazi u ulici Aleja Svetog Save, blok D i radi od 00.00 do 24.00 \u010dasa.<\/span><\/p><p>Za sve a\u017eurirane informacije idite na link ispod:<\/p><p>\u00a0<a href=\"https:\/\/www.banjaluka.rs.ba\/gradjani\/saobracaj\/parkling-prostor\/\">https:\/\/www.banjaluka.rs.ba\/gradjani\/saobracaj\/parkling-prostor\/<\/a><\/p><p>\u00a0<\/p>\t\t\t\t\t\t\t\t<\/div>\n\t\t\t\t<\/div>\n\t\t\t\t\t<\/div>\n\t\t<\/div>\n\t\t\t\t\t<\/div>\n\t\t<\/section>\n\t\t\t\t<\/div>","protected":false},"excerpt":{"rendered":"<p>Parking Lots There are around 2672 parking places assorted on 41 parking locations, divided into the zone I or zone II. The charge is done by automatic machines positioned on the parking lots. If you are subscribed to the m:tel mobile network you can pay for your parking place by SMS message in the following [&hellip;]<\/p>\n","protected":false},"author":1303,"featured_media":0,"parent":0,"menu_order":0,"comment_status":"closed","ping_status":"closed","template":"","meta":{"footnotes":""},"class_list":["post-6828","page","type-page","status-publish","hentry"],"aioseo_notices":[],"acf":[],"_links":{"self":[{"href":"https:\/\/banjaluka.travel\/bih\/wp-json\/wp\/v2\/pages\/6828","targetHints":{"allow":["GET"]}}],"collection":[{"href":"https:\/\/banjaluka.travel\/bih\/wp-json\/wp\/v2\/pages"}],"about":[{"href":"https:\/\/banjaluka.travel\/bih\/wp-json\/wp\/v2\/types\/page"}],"author":[{"embeddable":true,"href":"https:\/\/banjaluka.travel\/bih\/wp-json\/wp\/v2\/users\/1303"}],"replies":[{"embeddable":true,"href":"https:\/\/banjaluka.travel\/bih\/wp-json\/wp\/v2\/comments?post=6828"}],"version-history":[{"count":0,"href":"https:\/\/banjaluka.travel\/bih\/wp-json\/wp\/v2\/pages\/6828\/revisions"}],"wp:attachment":[{"href":"https:\/\/banjaluka.travel\/bih\/wp-json\/wp\/v2\/media?parent=6828"}],"curies":[{"name":"wp","href":"https:\/\/api.w.org\/{rel}","templated":true}]}}