{"id":4410,"date":"2022-04-07T21:56:13","date_gmt":"2022-04-07T21:56:13","guid":{"rendered":"http:\/\/banjaluka.travel\/?page_id=4410"},"modified":"2024-12-02T14:46:51","modified_gmt":"2024-12-02T14:46:51","slug":"tourist-agencies","status":"publish","type":"page","link":"https:\/\/banjaluka.travel\/bih\/tourist-agencies\/","title":{"rendered":"Turisti\u010dke agencije"},"content":{"rendered":"<div data-elementor-type=\"wp-post\" data-elementor-id=\"4410\" class=\"elementor elementor-4410\">\n\t\t\t\t\t\t<section class=\"elementor-section elementor-top-section elementor-element elementor-element-811be7c elementor-section-boxed elementor-section-height-default elementor-section-height-default\" data-id=\"811be7c\" data-element_type=\"section\">\n\t\t\t\t\t\t<div class=\"elementor-container elementor-column-gap-default\">\n\t\t\t\t\t<div class=\"elementor-column elementor-col-100 elementor-top-column elementor-element elementor-element-d6e81c9\" data-id=\"d6e81c9\" data-element_type=\"column\">\n\t\t\t<div class=\"elementor-widget-wrap elementor-element-populated\">\n\t\t\t\t\t\t<div class=\"elementor-element elementor-element-594bad3 elementor-widget elementor-widget-heading\" data-id=\"594bad3\" data-element_type=\"widget\" data-widget_type=\"heading.default\">\n\t\t\t\t<div class=\"elementor-widget-container\">\n\t\t\t\t\t<h1 class=\"elementor-heading-title elementor-size-default\">Turisti\u010dke agencije<\/h1>\t\t\t\t<\/div>\n\t\t\t\t<\/div>\n\t\t\t\t\t<\/div>\n\t\t<\/div>\n\t\t\t\t\t<\/div>\n\t\t<\/section>\n\t\t\t\t<section class=\"elementor-section elementor-top-section elementor-element elementor-element-aad4841 elementor-section-boxed elementor-section-height-default elementor-section-height-default\" data-id=\"aad4841\" data-element_type=\"section\">\n\t\t\t\t\t\t<div class=\"elementor-container elementor-column-gap-default\">\n\t\t\t\t\t<div class=\"elementor-column elementor-col-33 elementor-top-column elementor-element elementor-element-f407222\" data-id=\"f407222\" data-element_type=\"column\">\n\t\t\t<div class=\"elementor-widget-wrap elementor-element-populated\">\n\t\t\t\t\t\t<div class=\"elementor-element elementor-element-fd09a2e elementor-invisible elementor-widget elementor-widget-image\" data-id=\"fd09a2e\" data-element_type=\"widget\" data-settings=\"{&quot;_animation&quot;:&quot;fadeIn&quot;}\" data-widget_type=\"image.default\">\n\t\t\t\t<div class=\"elementor-widget-container\">\n\t\t\t\t\t\t\t\t\t\t\t\t\t\t\t\t<a href=\"https:\/\/gotobosnia.net\/\">\n\t\t\t\t\t\t\t<img fetchpriority=\"high\" decoding=\"async\" width=\"1080\" height=\"1080\" src=\"https:\/\/banjaluka.travel\/wp-content\/uploads\/2023\/06\/gotobih.jpg\" class=\"elementor-animation-pulse-grow attachment-full size-full wp-image-7825\" alt=\"\" srcset=\"https:\/\/banjaluka.travel\/wp-content\/uploads\/2023\/06\/gotobih.jpg 1080w, https:\/\/banjaluka.travel\/wp-content\/uploads\/2023\/06\/gotobih-300x300.jpg 300w, https:\/\/banjaluka.travel\/wp-content\/uploads\/2023\/06\/gotobih-1024x1024.jpg 1024w, https:\/\/banjaluka.travel\/wp-content\/uploads\/2023\/06\/gotobih-150x150.jpg 150w, https:\/\/banjaluka.travel\/wp-content\/uploads\/2023\/06\/gotobih-768x768.jpg 768w, https:\/\/banjaluka.travel\/wp-content\/uploads\/2023\/06\/gotobih-12x12.jpg 12w, https:\/\/banjaluka.travel\/wp-content\/uploads\/2023\/06\/gotobih-700x700.jpg 700w, https:\/\/banjaluka.travel\/wp-content\/uploads\/2023\/06\/gotobih-600x600.jpg 600w, https:\/\/banjaluka.travel\/wp-content\/uploads\/2023\/06\/gotobih-100x100.jpg 100w\" sizes=\"(max-width: 1080px) 100vw, 1080px\" \/>\t\t\t\t\t\t\t\t<\/a>\n\t\t\t\t\t\t\t\t\t\t\t\t\t\t\t<\/div>\n\t\t\t\t<\/div>\n\t\t\t\t\t<\/div>\n\t\t<\/div>\n\t\t\t\t<div class=\"elementor-column elementor-col-33 elementor-top-column elementor-element elementor-element-4cd8d5b\" data-id=\"4cd8d5b\" data-element_type=\"column\">\n\t\t\t<div class=\"elementor-widget-wrap elementor-element-populated\">\n\t\t\t\t\t\t<div class=\"elementor-element elementor-element-f5021ad elementor-invisible elementor-widget elementor-widget-image\" data-id=\"f5021ad\" data-element_type=\"widget\" data-settings=\"{&quot;_animation&quot;:&quot;fadeIn&quot;}\" data-widget_type=\"image.default\">\n\t\t\t\t<div class=\"elementor-widget-container\">\n\t\t\t\t\t\t\t\t\t\t\t\t\t\t\t\t<a href=\"https:\/\/goodhostbl.com\/\">\n\t\t\t\t\t\t\t<img decoding=\"async\" width=\"1024\" height=\"1024\" src=\"https:\/\/banjaluka.travel\/wp-content\/uploads\/2023\/05\/2-1024x1024.jpg\" class=\"elementor-animation-pulse-grow attachment-large size-large wp-image-7315\" alt=\"\" srcset=\"https:\/\/banjaluka.travel\/wp-content\/uploads\/2023\/05\/2-1024x1024.jpg 1024w, https:\/\/banjaluka.travel\/wp-content\/uploads\/2023\/05\/2-300x300.jpg 300w, https:\/\/banjaluka.travel\/wp-content\/uploads\/2023\/05\/2-150x150.jpg 150w, https:\/\/banjaluka.travel\/wp-content\/uploads\/2023\/05\/2-768x768.jpg 768w, https:\/\/banjaluka.travel\/wp-content\/uploads\/2023\/05\/2-12x12.jpg 12w, https:\/\/banjaluka.travel\/wp-content\/uploads\/2023\/05\/2-700x700.jpg 700w, https:\/\/banjaluka.travel\/wp-content\/uploads\/2023\/05\/2-600x600.jpg 600w, https:\/\/banjaluka.travel\/wp-content\/uploads\/2023\/05\/2-100x100.jpg 100w, https:\/\/banjaluka.travel\/wp-content\/uploads\/2023\/05\/2.jpg 1080w\" sizes=\"(max-width: 1024px) 100vw, 1024px\" \/>\t\t\t\t\t\t\t\t<\/a>\n\t\t\t\t\t\t\t\t\t\t\t\t\t\t\t<\/div>\n\t\t\t\t<\/div>\n\t\t\t\t\t<\/div>\n\t\t<\/div>\n\t\t\t\t<div class=\"elementor-column elementor-col-33 elementor-top-column elementor-element elementor-element-d3c06c9\" data-id=\"d3c06c9\" data-element_type=\"column\">\n\t\t\t<div class=\"elementor-widget-wrap elementor-element-populated\">\n\t\t\t\t\t\t<div class=\"elementor-element elementor-element-c772321 elementor-invisible elementor-widget elementor-widget-image\" data-id=\"c772321\" data-element_type=\"widget\" data-settings=\"{&quot;_animation&quot;:&quot;fadeIn&quot;}\" data-widget_type=\"image.default\">\n\t\t\t\t<div class=\"elementor-widget-container\">\n\t\t\t\t\t\t\t\t\t\t\t\t\t\t\t\t<a href=\"https:\/\/extremeteam.ba\/\">\n\t\t\t\t\t\t\t<img decoding=\"async\" width=\"1024\" height=\"1024\" src=\"https:\/\/banjaluka.travel\/wp-content\/uploads\/2023\/05\/1-1024x1024.jpg\" class=\"elementor-animation-pulse-grow attachment-large size-large wp-image-7314\" alt=\"\" srcset=\"https:\/\/banjaluka.travel\/wp-content\/uploads\/2023\/05\/1-1024x1024.jpg 1024w, https:\/\/banjaluka.travel\/wp-content\/uploads\/2023\/05\/1-300x300.jpg 300w, https:\/\/banjaluka.travel\/wp-content\/uploads\/2023\/05\/1-150x150.jpg 150w, https:\/\/banjaluka.travel\/wp-content\/uploads\/2023\/05\/1-768x768.jpg 768w, https:\/\/banjaluka.travel\/wp-content\/uploads\/2023\/05\/1-12x12.jpg 12w, https:\/\/banjaluka.travel\/wp-content\/uploads\/2023\/05\/1-700x700.jpg 700w, https:\/\/banjaluka.travel\/wp-content\/uploads\/2023\/05\/1-600x600.jpg 600w, https:\/\/banjaluka.travel\/wp-content\/uploads\/2023\/05\/1-100x100.jpg 100w, https:\/\/banjaluka.travel\/wp-content\/uploads\/2023\/05\/1.jpg 1080w\" sizes=\"(max-width: 1024px) 100vw, 1024px\" \/>\t\t\t\t\t\t\t\t<\/a>\n\t\t\t\t\t\t\t\t\t\t\t\t\t\t\t<\/div>\n\t\t\t\t<\/div>\n\t\t\t\t\t<\/div>\n\t\t<\/div>\n\t\t\t\t\t<\/div>\n\t\t<\/section>\n\t\t\t\t<section class=\"elementor-section elementor-top-section elementor-element elementor-element-5c545ff elementor-section-boxed elementor-section-height-default elementor-section-height-default\" data-id=\"5c545ff\" data-element_type=\"section\">\n\t\t\t\t\t\t<div class=\"elementor-container elementor-column-gap-default\">\n\t\t\t\t\t<div class=\"elementor-column elementor-col-100 elementor-top-column elementor-element elementor-element-d929bfc\" data-id=\"d929bfc\" data-element_type=\"column\">\n\t\t\t<div class=\"elementor-widget-wrap elementor-element-populated\">\n\t\t\t\t\t\t<div class=\"elementor-element elementor-element-a36fd00 elementor-widget elementor-widget-shortcode\" data-id=\"a36fd00\" data-element_type=\"widget\" data-widget_type=\"shortcode.default\">\n\t\t\t\t<div class=\"elementor-widget-container\">\n\t\t\t\t\t\t\t<div class=\"elementor-shortcode\">\n<table id=\"tablepress-5\" class=\"tablepress tablepress-id-5\">\n<thead>\n<tr class=\"row-1\">\n\t<th class=\"column-1\">Ime<\/th><th class=\"column-2\">Adresa<\/th><th class=\"column-3\">E-mail <\/th><th class=\"column-4\">Telefon<\/th><th class=\"column-5\">Web stranica<\/th>\n<\/tr>\n<\/thead>\n<tbody class=\"row-striping row-hover\">\n<tr class=\"row-2\">\n\t<td class=\"column-1\">Travel Plan<\/td><td class=\"column-2\">Kralja Petra I Kara\u0111or\u0111evi\u0107a 109<\/td><td class=\"column-3\"><a href=\"mailto:office@travelplan.ba\">office@travelplan.ba<\/a><\/td><td class=\"column-4\">+38751492493<\/td><td class=\"column-5\"><a href=\"http:\/\/www.travelplan.ba\" rel=\"noopener\" target=\"_blank\">www.travelplan.ba<\/a><\/td>\n<\/tr>\n<tr class=\"row-3\">\n\t<td class=\"column-1\">Sky2travel<\/td><td class=\"column-2\">Jevrejska, lamela II. lokal 12<\/td><td class=\"column-3\"><a href=\"mailto:office@sky2travel.net\" rel=\"noopener\" target=\"_blank\">office@sky2travel.net<\/a><\/td><td class=\"column-4\">+38751213350<\/td><td class=\"column-5\"><a href=\"http:\/\/www.sky2travel.net\" rel=\"noopener\" target=\"_blank\">www.sky2travel.net<\/a><\/td>\n<\/tr>\n<tr class=\"row-4\">\n\t<td class=\"column-1\">VTTI travel<\/td><td class=\"column-2\">Vidovdanska bb<\/td><td class=\"column-3\"><a href=\"mailto:info@vittitravel.com\" rel=\"noopener\" target=\"_blank\">info@vittitravel.com<\/a><\/td><td class=\"column-4\">+38751962995<\/td><td class=\"column-5\"><a href=\"http:\/\/www.vittitravel.com\" rel=\"noopener\" target=\"_blank\">www.vittitravel.com<\/a><\/td>\n<\/tr>\n<tr class=\"row-5\">\n\t<td class=\"column-1\">Turisti\u010dka agencija Nova<\/td><td class=\"column-2\">Vidovdanska 2<\/td><td class=\"column-3\"><a href=\"mailto:office@agencijanova.ba\" rel=\"noopener\" target=\"_blank\">office@agencijanova.ba<\/a><\/td><td class=\"column-4\">+38751491030<\/td><td class=\"column-5\"><a href=\"http:\/\/www.agencijanova.ba\" rel=\"noopener\" target=\"_blank\">www.agencijanova.ba<\/a><\/td>\n<\/tr>\n<tr class=\"row-6\">\n\t<td class=\"column-1\">In travel<\/td><td class=\"column-2\">Ivana Franje Juki\u0107a 11<\/td><td class=\"column-3\"><a href=\"mailto:agencija@intravel.ba\" rel=\"noopener\" target=\"_blank\">agencija@intravel.ba<\/a><\/td><td class=\"column-4\">+38751211788<\/td><td class=\"column-5\"><a href=\"http:\/\/www.intravel.ba\" rel=\"noopener\" target=\"_blank\">www.intravel.ba<\/a><\/td>\n<\/tr>\n<tr class=\"row-7\">\n\t<td class=\"column-1\">Bis travel<\/td><td class=\"column-2\">Bra\u0107e Ma\u017ear i majke Marije 52<\/td><td class=\"column-3\"><a href=\"mailto:office@bistravel.agency\" rel=\"noopener\" target=\"_blank\">office@bistravel.agency<\/a><\/td><td class=\"column-4\">+38751212507<\/td><td class=\"column-5\"><a href=\"https:\/\/bistravel.agency\/\" rel=\"noopener\" target=\"_blank\">https:\/\/bistravel.agency\/<\/a><\/td>\n<\/tr>\n<tr class=\"row-8\">\n\t<td class=\"column-1\">MG travel<\/td><td class=\"column-2\">Vase Pelagi\u0107a<\/td><td class=\"column-3\"><a href=\"mailto:mgtravel@teol.net\" rel=\"noopener\" target=\"_blank\">mgtravel@teol.net<\/a><\/td><td class=\"column-4\">+38751226830<\/td><td class=\"column-5\"><a href=\"http:\/\/www.mg-travel.net\" rel=\"noopener\" target=\"_blank\">www.mg-travel.net<\/a><\/td>\n<\/tr>\n<tr class=\"row-9\">\n\t<td class=\"column-1\">Star travel<\/td><td class=\"column-2\">Jevrejska 6<\/td><td class=\"column-3\"><a href=\"mailto:info@startravel.ba\" rel=\"noopener\" target=\"_blank\">info@startravel.ba<\/a><\/td><td class=\"column-4\">+38751213600<\/td><td class=\"column-5\"><a href=\"https:\/\/www.facebook.com\/startravelbanjaluka\/?locale=hr_HR\" rel=\"noopener\" target=\"_blank\">https:\/\/www.facebook.com\/startravelbanjaluka\/?locale=hr_HR<\/a><\/td>\n<\/tr>\n<tr class=\"row-10\">\n\t<td class=\"column-1\">Unis Tours<\/td><td class=\"column-2\">Kralja Alfonsa XIII 7<\/td><td class=\"column-3\"><a href=\"mailto:info@unistours.com\" rel=\"noopener\" target=\"_blank\">info@unistours.com<\/a><\/td><td class=\"column-4\">+38751340960<\/td><td class=\"column-5\"><a href=\"http:\/\/www.unistours.com\" rel=\"noopener\" target=\"_blank\">www.unistours.com<\/a><\/td>\n<\/tr>\n<tr class=\"row-11\">\n\t<td class=\"column-1\">Adriatica Line<\/td><td class=\"column-2\">Bana Lazarevi\u0107a 3<\/td><td class=\"column-3\"><a href=\"mailto:adriatica.line@teol.net\" rel=\"noopener\" target=\"_blank\">adriatica.line@teol.net<\/a><\/td><td class=\"column-4\">+38751340490<\/td><td class=\"column-5\"><a href=\"https:\/\/adriatica.ba\/\" rel=\"noopener\" target=\"_blank\">https:\/\/adriatica.ba\/<\/a><\/td>\n<\/tr>\n<tr class=\"row-12\">\n\t<td class=\"column-1\">Turisti\u010dka agencija Neobas<\/td><td class=\"column-2\">Jevrejska bb <\/td><td class=\"column-3\"><a href=\"mailto:agencija@neobas.org\" rel=\"noopener\" target=\"_blank\">agencija@neobas.org<\/a><\/td><td class=\"column-4\">+38751223090<\/td><td class=\"column-5\"><a href=\"http:\/\/www.neobas.org\" rel=\"noopener\" target=\"_blank\">www.neobas.org<\/a><\/td>\n<\/tr>\n<tr class=\"row-13\">\n\t<td class=\"column-1\">Sebastijan<\/td><td class=\"column-2\">Kralja Petra I Kara\u0111or\u0111evi\u0107a 99a<\/td><td class=\"column-3\"><a href=\"mailto:turizam@sebastijan.com\" rel=\"noopener\" target=\"_blank\">turizam@sebastijan.com<\/a><\/td><td class=\"column-4\">+38751224030<\/td><td class=\"column-5\"><a href=\"http:\/\/www.sebastijan.com\" rel=\"noopener\" target=\"_blank\">www.sebastijan.com<\/a><\/td>\n<\/tr>\n<tr class=\"row-14\">\n\t<td class=\"column-1\">Kompas Tpurs<\/td><td class=\"column-2\">Nikole Tesle 3<\/td><td class=\"column-3\"><a href=\"mailto:kompastours@gmail.com\" rel=\"noopener\" target=\"_blank\">kompastours@gmail.com<\/a><\/td><td class=\"column-4\">+38751217775<\/td><td class=\"column-5\"><a href=\"http:\/\/www.kompas-tours.com\" rel=\"noopener\" target=\"_blank\">www.kompas-tours.com<\/a><\/td>\n<\/tr>\n<tr class=\"row-15\">\n\t<td class=\"column-1\">Smilji\u0107<\/td><td class=\"column-2\">Patrijarha Makarija Sokolovi\u0107a 10<\/td><td class=\"column-3\"><a href=\"mailto:smiljic.travel@gmail.com\" rel=\"noopener\" target=\"_blank\">smiljic.travel@gmail.com<\/a><\/td><td class=\"column-4\">+38751211889<\/td><td class=\"column-5\"><a href=\"https:\/\/smiljiccompany.ba\" rel=\"noopener\" target=\"_blank\">https:\/\/smiljiccompany.ba\/<\/a><\/td>\n<\/tr>\n<tr class=\"row-16\">\n\t<td class=\"column-1\">Ars tours<\/td><td class=\"column-2\">Veselina Masle\u0161e 19<\/td><td class=\"column-3\"><a href=\"mailto:info@ars-tours.com\" rel=\"noopener\" target=\"_blank\">info@ars-tours.com<\/a><\/td><td class=\"column-4\">+38751219973<\/td><td class=\"column-5\"><a href=\"http:\/\/www.ars-tours.com\" rel=\"noopener\" target=\"_blank\">www.ars-tours.com<\/a><\/td>\n<\/tr>\n<tr class=\"row-17\">\n\t<td class=\"column-1\">Zepter Passport<\/td><td class=\"column-2\">Veselina Masle\u0161e 8\/1<\/td><td class=\"column-3\"><a href=\"mailto:info@zepterpassport.com\" rel=\"noopener\" target=\"_blank\">info@zepterpassport.com<\/a><\/td><td class=\"column-4\">+38751213394<\/td><td class=\"column-5\"><a href=\"http:\/\/www.zepterpassport.com\" rel=\"noopener\" target=\"_blank\">www.zepterpassport.com<\/a><\/td>\n<\/tr>\n<tr class=\"row-18\">\n\t<td class=\"column-1\">Mig tours<\/td><td class=\"column-2\">Patra bb<\/td><td class=\"column-3\"><a href=\"mailto:migtours@ymail.com\" rel=\"noopener\" target=\"_blank\">migtours@ymail.com<\/a><\/td><td class=\"column-4\">+38751215261<\/td><td class=\"column-5\"><a href=\"https:\/\/www.facebook.com\/migtours.banjaluka\/about?locale=sr_RS\" rel=\"noopener\" target=\"_blank\">https:\/\/www.facebook.com\/migtours.banjaluka\/about?locale=sr_RS<\/a><\/td>\n<\/tr>\n<\/tbody>\n<\/table>\n<!-- #tablepress-5 from cache --><\/div>\n\t\t\t\t\t\t<\/div>\n\t\t\t\t<\/div>\n\t\t\t\t\t<\/div>\n\t\t<\/div>\n\t\t\t\t\t<\/div>\n\t\t<\/section>\n\t\t\t\t<\/div>","protected":false},"excerpt":{"rendered":"<p>Turisti\u010dke agencije<\/p>","protected":false},"author":810,"featured_media":0,"parent":0,"menu_order":0,"comment_status":"closed","ping_status":"closed","template":"","meta":{"footnotes":""},"class_list":["post-4410","page","type-page","status-publish","hentry"],"aioseo_notices":[],"acf":[],"_links":{"self":[{"href":"https:\/\/banjaluka.travel\/bih\/wp-json\/wp\/v2\/pages\/4410","targetHints":{"allow":["GET"]}}],"collection":[{"href":"https:\/\/banjaluka.travel\/bih\/wp-json\/wp\/v2\/pages"}],"about":[{"href":"https:\/\/banjaluka.travel\/bih\/wp-json\/wp\/v2\/types\/page"}],"author":[{"embeddable":true,"href":"https:\/\/banjaluka.travel\/bih\/wp-json\/wp\/v2\/users\/810"}],"replies":[{"embeddable":true,"href":"https:\/\/banjaluka.travel\/bih\/wp-json\/wp\/v2\/comments?post=4410"}],"version-history":[{"count":0,"href":"https:\/\/banjaluka.travel\/bih\/wp-json\/wp\/v2\/pages\/4410\/revisions"}],"wp:attachment":[{"href":"https:\/\/banjaluka.travel\/bih\/wp-json\/wp\/v2\/media?parent=4410"}],"curies":[{"name":"wp","href":"https:\/\/api.w.org\/{rel}","templated":true}]}}