{"id":3474,"date":"2018-03-05T10:30:32","date_gmt":"2018-03-05T10:30:32","guid":{"rendered":"http:\/\/banjaluka.travel\/?page_id=3474"},"modified":"2024-10-09T12:12:11","modified_gmt":"2024-10-09T12:12:11","slug":"getting-here","status":"publish","type":"page","link":"https:\/\/banjaluka.travel\/bih\/getting-here\/","title":{"rendered":"Kako do nas"},"content":{"rendered":"<div data-elementor-type=\"wp-post\" data-elementor-id=\"3474\" class=\"elementor elementor-3474\">\n\t\t\t\t\t\t<section class=\"elementor-section elementor-top-section elementor-element elementor-element-deb3922 elementor-section-boxed elementor-section-height-default elementor-section-height-default\" data-id=\"deb3922\" data-element_type=\"section\" data-e-type=\"section\">\n\t\t\t\t\t\t<div class=\"elementor-container elementor-column-gap-default\">\n\t\t\t\t\t<div class=\"elementor-column elementor-col-100 elementor-top-column elementor-element elementor-element-e8fcbfc\" data-id=\"e8fcbfc\" data-element_type=\"column\" data-e-type=\"column\">\n\t\t\t<div class=\"elementor-widget-wrap elementor-element-populated\">\n\t\t\t\t\t\t<div class=\"elementor-element elementor-element-cac6c36 elementor-widget elementor-widget-heading\" data-id=\"cac6c36\" data-element_type=\"widget\" data-e-type=\"widget\" data-widget_type=\"heading.default\">\n\t\t\t\t<div class=\"elementor-widget-container\">\n\t\t\t\t\t<h1 class=\"elementor-heading-title elementor-size-default\">Getting here &amp; around<\/h1>\t\t\t\t<\/div>\n\t\t\t\t<\/div>\n\t\t\t\t\t<\/div>\n\t\t<\/div>\n\t\t\t\t\t<\/div>\n\t\t<\/section>\n\t\t\t\t<section class=\"elementor-section elementor-top-section elementor-element elementor-element-625cd3f4 elementor-section-boxed elementor-section-height-default elementor-section-height-default\" data-id=\"625cd3f4\" data-element_type=\"section\" data-e-type=\"section\">\n\t\t\t\t\t\t<div class=\"elementor-container elementor-column-gap-default\">\n\t\t\t\t\t<div class=\"elementor-column elementor-col-100 elementor-top-column elementor-element elementor-element-4202e0fa\" data-id=\"4202e0fa\" data-element_type=\"column\" data-e-type=\"column\">\n\t\t\t<div class=\"elementor-widget-wrap elementor-element-populated\">\n\t\t\t\t\t\t<div class=\"elementor-element elementor-element-76fa0d83 elementor-widget elementor-widget-heading\" data-id=\"76fa0d83\" data-element_type=\"widget\" data-e-type=\"widget\" data-widget_type=\"heading.default\">\n\t\t\t\t<div class=\"elementor-widget-container\">\n\t\t\t\t\t<h2 class=\"elementor-heading-title elementor-size-default\">Kako do nas<\/h2>\t\t\t\t<\/div>\n\t\t\t\t<\/div>\n\t\t\t\t<section class=\"elementor-section elementor-inner-section elementor-element elementor-element-7806e029 elementor-section-boxed elementor-section-height-default elementor-section-height-default\" data-id=\"7806e029\" data-element_type=\"section\" data-e-type=\"section\">\n\t\t\t\t\t\t<div class=\"elementor-container elementor-column-gap-default\">\n\t\t\t\t\t<div class=\"elementor-column elementor-col-50 elementor-inner-column elementor-element elementor-element-6e0abea3\" data-id=\"6e0abea3\" data-element_type=\"column\" data-e-type=\"column\">\n\t\t\t<div class=\"elementor-widget-wrap elementor-element-populated\">\n\t\t\t\t\t\t<div class=\"elementor-element elementor-element-d9c6d58 elementor-widget elementor-widget-heading\" data-id=\"d9c6d58\" data-element_type=\"widget\" data-e-type=\"widget\" data-widget_type=\"heading.default\">\n\t\t\t\t<div class=\"elementor-widget-container\">\n\t\t\t\t\t<h4 class=\"elementor-heading-title elementor-size-default\">Avionom<\/h4>\t\t\t\t<\/div>\n\t\t\t\t<\/div>\n\t\t\t\t<div class=\"elementor-element elementor-element-460185bb elementor-widget elementor-widget-text-editor\" data-id=\"460185bb\" data-element_type=\"widget\" data-e-type=\"widget\" data-widget_type=\"text-editor.default\">\n\t\t\t\t<div class=\"elementor-widget-container\">\n\t\t\t\t\t\t\t\t\t<p>Za dolazak u Banjaluku mo\u017eete koristiti banjalu\u010dki, zagreba\u010dki, sarajevski ili beogradski aerodrom. Ako koristite kom\u0161ijske aerodrome, morac\u0301ete da koristite prevoz u Banjaluku od strane nekog drugog vozila (autobus, voz, iznajmiti automobil i tako dalje.)<br>Me\u0111unarodni aerodrom Banja Luka se nalazi sa zapadne strane magistralnog puta M16 (E-661) Banja Luka - Gradi\u0161ka, na udaljenosti 1,1 km od tog puta. Smje\u0161ten je na 44o 56\u2019 29\u201d s. g. \u0161. i 17o 17\u2019 51\u201d i .g. d. Nadmorska visina mu je 122 m, a magnetna deklinacija 2o isto\u010dno. Udaljen je 23 kilometra sjeverno od Banje Luke.<\/p>\n<p><strong>Aerodrom Banja Luka<\/strong><br>Telefon: +387(0)51 535 210<br>Email: <a href=\"mailto:info@banjaluka-airport.com\">info@banjaluka-airport.com<\/a><br>Web: <a href=\"http:\/\/www.banjaluka-airport.com\/index.php\/lat\/\">www.banjaluka-airport.com<\/a><\/p>\n<p><strong>Agencija \u00abArs tours\u00bb<\/strong><br>Kralja Petra I Kara\u0111or\u0111evi\u0107a 109<br>Telefon: +387(0)51 219 974<br>Web: <a href=\"http:\/\/www.ars-tours.com\">www.ars-tours.com<\/a><\/p>\n<p><strong>Air Serbia<\/strong><br>Kralja Petra I Kara\u0111or\u0111evi\u0107a 109<br>Telefon: +387 51 228 460<br>Web: <a href=\"https:\/\/www.airserbia.com\/\">www.airserbia.com<\/a><\/p>\n<p><br><\/p>\t\t\t\t\t\t\t\t<\/div>\n\t\t\t\t<\/div>\n\t\t\t\t\t<\/div>\n\t\t<\/div>\n\t\t\t\t<div class=\"elementor-column elementor-col-50 elementor-inner-column elementor-element elementor-element-6c0d867e\" data-id=\"6c0d867e\" data-element_type=\"column\" data-e-type=\"column\">\n\t\t\t<div class=\"elementor-widget-wrap elementor-element-populated\">\n\t\t\t\t\t\t<div class=\"elementor-element elementor-element-8e2b191 elementor-widget elementor-widget-image\" data-id=\"8e2b191\" data-element_type=\"widget\" data-e-type=\"widget\" data-widget_type=\"image.default\">\n\t\t\t\t<div class=\"elementor-widget-container\">\n\t\t\t\t\t\t\t\t\t\t\t\t\t\t\t<img fetchpriority=\"high\" decoding=\"async\" width=\"687\" height=\"581\" src=\"https:\/\/banjaluka.travel\/wp-content\/uploads\/2023\/05\/airplane-flying-airport-runway.jpg\" class=\"attachment-large size-large wp-image-6771\" alt=\"\" srcset=\"https:\/\/banjaluka.travel\/wp-content\/uploads\/2023\/05\/airplane-flying-airport-runway.jpg 687w, https:\/\/banjaluka.travel\/wp-content\/uploads\/2023\/05\/airplane-flying-airport-runway-300x254.jpg 300w, https:\/\/banjaluka.travel\/wp-content\/uploads\/2023\/05\/airplane-flying-airport-runway-14x12.jpg 14w, https:\/\/banjaluka.travel\/wp-content\/uploads\/2023\/05\/airplane-flying-airport-runway-600x507.jpg 600w\" sizes=\"(max-width: 687px) 100vw, 687px\" \/>\t\t\t\t\t\t\t\t\t\t\t\t\t\t\t<\/div>\n\t\t\t\t<\/div>\n\t\t\t\t\t<\/div>\n\t\t<\/div>\n\t\t\t\t\t<\/div>\n\t\t<\/section>\n\t\t\t\t\t<\/div>\n\t\t<\/div>\n\t\t\t\t\t<\/div>\n\t\t<\/section>\n\t\t\t\t<section class=\"elementor-section elementor-top-section elementor-element elementor-element-f627e16 elementor-section-boxed elementor-section-height-default elementor-section-height-default\" data-id=\"f627e16\" data-element_type=\"section\" data-e-type=\"section\">\n\t\t\t\t\t\t<div class=\"elementor-container elementor-column-gap-default\">\n\t\t\t\t\t<div class=\"elementor-column elementor-col-100 elementor-top-column elementor-element elementor-element-61e5223\" data-id=\"61e5223\" data-element_type=\"column\" data-e-type=\"column\">\n\t\t\t<div class=\"elementor-widget-wrap elementor-element-populated\">\n\t\t\t\t\t\t<div class=\"elementor-element elementor-element-53aae6d9 elementor-widget elementor-widget-heading\" data-id=\"53aae6d9\" data-element_type=\"widget\" data-e-type=\"widget\" data-widget_type=\"heading.default\">\n\t\t\t\t<div class=\"elementor-widget-container\">\n\t\t\t\t\t<h4 class=\"elementor-heading-title elementor-size-default\">Automobilom<\/h4>\t\t\t\t<\/div>\n\t\t\t\t<\/div>\n\t\t\t\t<div class=\"elementor-element elementor-element-713a9f2d elementor-widget elementor-widget-text-editor\" data-id=\"713a9f2d\" data-element_type=\"widget\" data-e-type=\"widget\" data-widget_type=\"text-editor.default\">\n\t\t\t\t<div class=\"elementor-widget-container\">\n\t\t\t\t\t\t\t\t\t<p>Banja Luka se nalazi na magistralnom putu M16 sa me\u0111unarodnom oznakom E661 koji ujedno predstavlja i najva\u017eniju tranzitnu drumsku saobra\u0107ajnicu u ovoj regiji. Ovaj putni pravac spaja srednju i isto\u010dnu Evropu sa Jadranskim primorjem, kojeg su u svrhe povezivanja Dalmacije i Panonije koristili i stari Rimljani. Banja Luka je raskr\u0161\u0107e regionalnih puteva pravca istok-zapad kao i jugoistok i jugozapad koji spajaju Grad sa Prijedorom, Dobojem, Derventom, Tesli\u0107em, Klju\u010dom i drugim mjestima. Pored toga, cijela regija ispresijecana je asfaltnim saobra\u0107ajnicama lokalnog zna\u010daja.<\/p><p>Zagreb je od Banje Luke udaljen oko 167 km. Ukoliko u Banju Luku dolazite iz Zagreba uklju\u010dite se na auto-put E70 prema istoku i Beogradu. Na 106. kilometru od Zagreba, u mjestu Oku\u010dani iza\u0111ite sa auto-puta i skrenite desno na putni pravac E661 i vozite ju\u017eno prema grani\u010dnom prelazu Bosne i Hercegovine u Gradi\u0161ci (11km). Od Gradi\u0161ke nastavljate istim putnim pravcem (E661) prema jugu do Banje Luke (50km).<\/p><p>Beograd je od Banje Luke udaljen 350 km. Ukoliko u Banju Luku dolazite iz Beograda, uklju\u010dujete se na auto-put E70 prema zapadu i Zagrebu. Na 300. kilometru u mjestu Oku\u010dani iza\u0111ite sa auto-puta i skrenite desno na putni pravac E661 i vozite ju\u017eno prema grani\u010dnom prelazu Bosne i Hercegovine u Gradi\u0161ci (11km). Od Gradi\u0161ke nastavljate istim putnim pravcem E661 prema jugu do Banje Luke (50km).<\/p><p>Sarajevo je od Banje Luke udaljeno oko 250 km. Ukoliko u Banju Luku dolazite iz Sarajeva idite na sjeverozapad prema mjestu Kakanj i magistralnom putu E-73. Na 60. kilometru nalaze se dva razli\u010dita putna pravca koja vode do Banje Luke. Prvi, bolji i du\u017ei put, nastavlja prevacem E73 prema sjeveru i mjestima Zenica i Maglaj, a na 17. kilometru od Doboja skrenite lijevo i nastavite put prema Derventi, Prnjavoru i Kla\u0161nicama. U Kla\u0161nicama skrenite lijevo i uklju\u010dujete se na magistralni put M16 (E661) i nastavite voziti 16 km ju\u017eno za Banju Luku. Drugim, kra\u0107im i mnogo interesantnijim putem, sti\u0107i \u0107ete ako skrenete desno i uklju\u010dite se na magistralni putni pravac E661 prema Vitezu, Travniku, Jajcu i dalje prema Banjoj Luci.<\/p><p><strong>Auto-moto savez RS<\/strong><br \/>Bra\u0107e Podgornika 8, 78000 Banja Luka<br \/>Centralna kancelarija: +387 51 301 464<br \/>Pomoc\u0301 na putu: na 1285 i +387 51 322 820<br \/>Informacije o uslovima saobrac\u0301aja: +387 51 322 810 i 322 812<br \/>Email: <a href=\"mailto:kontakt@amsrs.com\">kontakt@amsrs.com<\/a><br \/>Web: <a href=\"http:\/\/www.ams-rs.com\/\">www.ams-rs.com<\/a><\/p>\t\t\t\t\t\t\t\t<\/div>\n\t\t\t\t<\/div>\n\t\t\t\t\t<\/div>\n\t\t<\/div>\n\t\t\t\t\t<\/div>\n\t\t<\/section>\n\t\t\t\t<section class=\"elementor-section elementor-top-section elementor-element elementor-element-80e8476 elementor-section-boxed elementor-section-height-default elementor-section-height-default\" data-id=\"80e8476\" data-element_type=\"section\" data-e-type=\"section\">\n\t\t\t\t\t\t<div class=\"elementor-container elementor-column-gap-default\">\n\t\t\t\t\t<div class=\"elementor-column elementor-col-50 elementor-top-column elementor-element elementor-element-044558b\" data-id=\"044558b\" data-element_type=\"column\" data-e-type=\"column\">\n\t\t\t<div class=\"elementor-widget-wrap elementor-element-populated\">\n\t\t\t\t\t\t<div class=\"elementor-element elementor-element-5a9245e2 elementor-widget elementor-widget-heading\" data-id=\"5a9245e2\" data-element_type=\"widget\" data-e-type=\"widget\" data-widget_type=\"heading.default\">\n\t\t\t\t<div class=\"elementor-widget-container\">\n\t\t\t\t\t<h4 class=\"elementor-heading-title elementor-size-default\">Autobusom<\/h4>\t\t\t\t<\/div>\n\t\t\t\t<\/div>\n\t\t\t\t<div class=\"elementor-element elementor-element-61f62d1a elementor-widget elementor-widget-text-editor\" data-id=\"61f62d1a\" data-element_type=\"widget\" data-e-type=\"widget\" data-widget_type=\"text-editor.default\">\n\t\t\t\t<div class=\"elementor-widget-container\">\n\t\t\t\t\t\t\t\t\t<p>Mre\u017eom autobuskih linija pokrivena su sva ve\u0107a mjesta u Bosni i Hercegovini. Pored velikog broja linija za Srbiju, Crnu Goru i Hrvatsku, sa Autobuske stanice Banja Luka mogu\u0107e je direktno otputovati u jo\u0161 deset zemalja Evropske Unije. Sa 25 perona Autobuske stanice, zavisno od dana u godini, dnevno krene do 300 autobusa, koji prevezu nekoliko hiljada putnika. Autobuska stanica Banja Luka radi 365 dana u godini.<\/p><p class=\"translation-block\"><strong>Autobuska stanica<\/strong><br>Bra\u0107e Podgornika bb<br>Phone: +387 51 922 000<br> +387 51 922 002<br> (me\u0111unarodna rezervacija)<br>Web: <a href=\"http:\/\/www.neobas.org\/v2\/\" target=\"_self\">www.neobas.org<\/a><br>Radno vrijeme: 00-24h<\/p>\t\t\t\t\t\t\t\t<\/div>\n\t\t\t\t<\/div>\n\t\t\t\t\t<\/div>\n\t\t<\/div>\n\t\t\t\t<div class=\"elementor-column elementor-col-50 elementor-top-column elementor-element elementor-element-f4f3d8d\" data-id=\"f4f3d8d\" data-element_type=\"column\" data-e-type=\"column\">\n\t\t\t<div class=\"elementor-widget-wrap elementor-element-populated\">\n\t\t\t\t\t\t<div class=\"elementor-element elementor-element-b75d358 elementor-widget elementor-widget-image\" data-id=\"b75d358\" data-element_type=\"widget\" data-e-type=\"widget\" data-widget_type=\"image.default\">\n\t\t\t\t<div class=\"elementor-widget-container\">\n\t\t\t\t\t\t\t\t\t\t\t\t\t\t\t<img decoding=\"async\" width=\"639\" height=\"426\" src=\"https:\/\/banjaluka.travel\/wp-content\/uploads\/2023\/05\/tourist-buses-parking-sunrise-sunset.jpg\" class=\"attachment-large size-large wp-image-6770\" alt=\"\" srcset=\"https:\/\/banjaluka.travel\/wp-content\/uploads\/2023\/05\/tourist-buses-parking-sunrise-sunset.jpg 639w, https:\/\/banjaluka.travel\/wp-content\/uploads\/2023\/05\/tourist-buses-parking-sunrise-sunset-300x200.jpg 300w, https:\/\/banjaluka.travel\/wp-content\/uploads\/2023\/05\/tourist-buses-parking-sunrise-sunset-391x260.jpg 391w, https:\/\/banjaluka.travel\/wp-content\/uploads\/2023\/05\/tourist-buses-parking-sunrise-sunset-18x12.jpg 18w, https:\/\/banjaluka.travel\/wp-content\/uploads\/2023\/05\/tourist-buses-parking-sunrise-sunset-600x400.jpg 600w\" sizes=\"(max-width: 639px) 100vw, 639px\" \/>\t\t\t\t\t\t\t\t\t\t\t\t\t\t\t<\/div>\n\t\t\t\t<\/div>\n\t\t\t\t\t<\/div>\n\t\t<\/div>\n\t\t\t\t\t<\/div>\n\t\t<\/section>\n\t\t\t\t<section class=\"elementor-section elementor-top-section elementor-element elementor-element-d473472 elementor-section-boxed elementor-section-height-default elementor-section-height-default\" data-id=\"d473472\" data-element_type=\"section\" data-e-type=\"section\">\n\t\t\t\t\t\t<div class=\"elementor-container elementor-column-gap-default\">\n\t\t\t\t\t<div class=\"elementor-column elementor-col-50 elementor-top-column elementor-element elementor-element-fd64031\" data-id=\"fd64031\" data-element_type=\"column\" data-e-type=\"column\">\n\t\t\t<div class=\"elementor-widget-wrap elementor-element-populated\">\n\t\t\t\t\t\t<div class=\"elementor-element elementor-element-50f4930 elementor-widget elementor-widget-image\" data-id=\"50f4930\" data-element_type=\"widget\" data-e-type=\"widget\" data-widget_type=\"image.default\">\n\t\t\t\t<div class=\"elementor-widget-container\">\n\t\t\t\t\t\t\t\t\t\t\t\t\t\t\t<img decoding=\"async\" width=\"714\" height=\"476\" src=\"https:\/\/banjaluka.travel\/wp-content\/uploads\/2023\/05\/passenger-high-speed-train-with-motion-blur-station.jpg\" class=\"attachment-large size-large wp-image-6769\" alt=\"\" srcset=\"https:\/\/banjaluka.travel\/wp-content\/uploads\/2023\/05\/passenger-high-speed-train-with-motion-blur-station.jpg 714w, https:\/\/banjaluka.travel\/wp-content\/uploads\/2023\/05\/passenger-high-speed-train-with-motion-blur-station-300x200.jpg 300w, https:\/\/banjaluka.travel\/wp-content\/uploads\/2023\/05\/passenger-high-speed-train-with-motion-blur-station-391x260.jpg 391w, https:\/\/banjaluka.travel\/wp-content\/uploads\/2023\/05\/passenger-high-speed-train-with-motion-blur-station-18x12.jpg 18w, https:\/\/banjaluka.travel\/wp-content\/uploads\/2023\/05\/passenger-high-speed-train-with-motion-blur-station-600x400.jpg 600w\" sizes=\"(max-width: 714px) 100vw, 714px\" \/>\t\t\t\t\t\t\t\t\t\t\t\t\t\t\t<\/div>\n\t\t\t\t<\/div>\n\t\t\t\t\t<\/div>\n\t\t<\/div>\n\t\t\t\t<div class=\"elementor-column elementor-col-50 elementor-top-column elementor-element elementor-element-d9ff926\" data-id=\"d9ff926\" data-element_type=\"column\" data-e-type=\"column\">\n\t\t\t<div class=\"elementor-widget-wrap elementor-element-populated\">\n\t\t\t\t\t\t<div class=\"elementor-element elementor-element-f3103a0 elementor-widget elementor-widget-heading\" data-id=\"f3103a0\" data-element_type=\"widget\" data-e-type=\"widget\" data-widget_type=\"heading.default\">\n\t\t\t\t<div class=\"elementor-widget-container\">\n\t\t\t\t\t<h4 class=\"elementor-heading-title elementor-size-default\">Vozom<\/h4>\t\t\t\t<\/div>\n\t\t\t\t<\/div>\n\t\t\t\t<div class=\"elementor-element elementor-element-70325dfb elementor-widget elementor-widget-text-editor\" data-id=\"70325dfb\" data-element_type=\"widget\" data-e-type=\"widget\" data-widget_type=\"text-editor.default\">\n\t\t\t\t<div class=\"elementor-widget-container\">\n\t\t\t\t\t\t\t\t\t<p>\u017deljeznica prolazi kroz Banjaluku i ona povezuje grad sa Centralnom i isto\u010dnom Evropom, kao i druge dijelove Republike Srpske i Bosne i Hercegovine. \u017deljeznica Banja Luka-Dobrljin, koja je stavljena u promet 1873. godine, je prva \u017eeljeznica normalnih pruga u Bosni i Hercegovini.<\/p><p>Vrijeme dolaska, polaska kao i relacije na kojima saobra\u0107aju vozovi mo\u017eete vidjeti na sljede\u0107em linku. <a href=\"http:\/\/www.zrs-rs.com\/\">http:\/\/www.zrs-rs.com\/<\/a><\/p><p><strong>\u017deljezni\u010dka stanica Banja Luka<\/strong><br \/>Prote Nikole Kosti\u0107a bb<br \/>Telefon: +387(0)51 301 229<br \/>Web: <a href=\"http:\/\/www.zrs-rs.com\/\">www.zrs-rs.com<\/a><br \/>Radno vrijeme 00-24h<\/p>\t\t\t\t\t\t\t\t<\/div>\n\t\t\t\t<\/div>\n\t\t\t\t\t<\/div>\n\t\t<\/div>\n\t\t\t\t\t<\/div>\n\t\t<\/section>\n\t\t\t\t<section class=\"elementor-section elementor-top-section elementor-element elementor-element-0b3f4f6 elementor-section-boxed elementor-section-height-default elementor-section-height-default\" data-id=\"0b3f4f6\" data-element_type=\"section\" data-e-type=\"section\">\n\t\t\t\t\t\t<div class=\"elementor-container elementor-column-gap-default\">\n\t\t\t\t\t<div class=\"elementor-column elementor-col-100 elementor-top-column elementor-element elementor-element-83c191a\" data-id=\"83c191a\" data-element_type=\"column\" data-e-type=\"column\">\n\t\t\t<div class=\"elementor-widget-wrap elementor-element-populated\">\n\t\t\t\t\t\t<div class=\"elementor-element elementor-element-b4d0631 elementor-widget elementor-widget-heading\" data-id=\"b4d0631\" data-element_type=\"widget\" data-e-type=\"widget\" data-widget_type=\"heading.default\">\n\t\t\t\t<div class=\"elementor-widget-container\">\n\t\t\t\t\t<h2 class=\"elementor-heading-title elementor-size-default\">Getting around the city<\/h2>\t\t\t\t<\/div>\n\t\t\t\t<\/div>\n\t\t\t\t\t<\/div>\n\t\t<\/div>\n\t\t\t\t\t<\/div>\n\t\t<\/section>\n\t\t\t\t<section class=\"elementor-section elementor-top-section elementor-element elementor-element-65e403c elementor-section-boxed elementor-section-height-default elementor-section-height-default\" data-id=\"65e403c\" data-element_type=\"section\" data-e-type=\"section\">\n\t\t\t\t\t\t<div class=\"elementor-container elementor-column-gap-default\">\n\t\t\t\t\t<div class=\"elementor-column elementor-col-25 elementor-top-column elementor-element elementor-element-d0e5585\" data-id=\"d0e5585\" data-element_type=\"column\" data-e-type=\"column\">\n\t\t\t<div class=\"elementor-widget-wrap elementor-element-populated\">\n\t\t\t\t\t\t<div class=\"elementor-element elementor-element-cce2977 elementor-widget elementor-widget-image\" data-id=\"cce2977\" data-element_type=\"widget\" data-e-type=\"widget\" data-widget_type=\"image.default\">\n\t\t\t\t<div class=\"elementor-widget-container\">\n\t\t\t\t\t\t\t\t\t\t\t\t<figure class=\"wp-caption\">\n\t\t\t\t\t\t\t\t\t\t\t<a href=\"http:\/\/banjaluka.travel\/bih\/en\/taxi\/\">\n\t\t\t\t\t\t\t<img decoding=\"async\" src=\"https:\/\/banjaluka.travel\/wp-content\/uploads\/2023\/05\/rsz_yellow-black-sign-taxi-placed-top-car-night-300x300.jpg\" title=\"\" alt=\"\" loading=\"lazy\" \/>\t\t\t\t\t\t\t\t<\/a>\n\t\t\t\t\t\t\t\t\t\t\t<figcaption class=\"widget-image-caption wp-caption-text\">TAXI<\/figcaption>\n\t\t\t\t\t\t\t\t\t\t<\/figure>\n\t\t\t\t\t\t\t\t\t<\/div>\n\t\t\t\t<\/div>\n\t\t\t\t\t<\/div>\n\t\t<\/div>\n\t\t\t\t<div class=\"elementor-column elementor-col-25 elementor-top-column elementor-element elementor-element-db15503\" data-id=\"db15503\" data-element_type=\"column\" data-e-type=\"column\">\n\t\t\t<div class=\"elementor-widget-wrap elementor-element-populated\">\n\t\t\t\t\t\t<div class=\"elementor-element elementor-element-92c1be4 elementor-widget elementor-widget-image\" data-id=\"92c1be4\" data-element_type=\"widget\" data-e-type=\"widget\" data-widget_type=\"image.default\">\n\t\t\t\t<div class=\"elementor-widget-container\">\n\t\t\t\t\t\t\t\t\t\t\t\t<figure class=\"wp-caption\">\n\t\t\t\t\t\t\t\t\t\t\t<a href=\"http:\/\/banjaluka.travel\/bih\/en\/rent-a-car\/\">\n\t\t\t\t\t\t\t<img decoding=\"async\" src=\"https:\/\/banjaluka.travel\/wp-content\/uploads\/2023\/05\/rsz_attractive-brunette-woman-sitting-her-brand-new-car-taking-keys-from-vehicle-dealer-300x300.jpg\" title=\"\" alt=\"\" loading=\"lazy\" \/>\t\t\t\t\t\t\t\t<\/a>\n\t\t\t\t\t\t\t\t\t\t\t<figcaption class=\"widget-image-caption wp-caption-text\">RENT A CAR<\/figcaption>\n\t\t\t\t\t\t\t\t\t\t<\/figure>\n\t\t\t\t\t\t\t\t\t<\/div>\n\t\t\t\t<\/div>\n\t\t\t\t\t<\/div>\n\t\t<\/div>\n\t\t\t\t<div class=\"elementor-column elementor-col-25 elementor-top-column elementor-element elementor-element-e4b6d58\" data-id=\"e4b6d58\" data-element_type=\"column\" data-e-type=\"column\">\n\t\t\t<div class=\"elementor-widget-wrap elementor-element-populated\">\n\t\t\t\t\t\t<div class=\"elementor-element elementor-element-c44d8dc elementor-widget elementor-widget-image\" data-id=\"c44d8dc\" data-element_type=\"widget\" data-e-type=\"widget\" data-widget_type=\"image.default\">\n\t\t\t\t<div class=\"elementor-widget-container\">\n\t\t\t\t\t\t\t\t\t\t\t\t<figure class=\"wp-caption\">\n\t\t\t\t\t\t\t\t\t\t\t<a href=\"http:\/\/banjaluka.travel\/bih\/en\/public-transport\/\">\n\t\t\t\t\t\t\t<img decoding=\"async\" src=\"https:\/\/banjaluka.travel\/wp-content\/uploads\/2023\/05\/rsz_3view-from-sightseeing-bus-from-inside-outside-motion-toning-travel-concept-300x300.jpg\" title=\"\" alt=\"\" loading=\"lazy\" \/>\t\t\t\t\t\t\t\t<\/a>\n\t\t\t\t\t\t\t\t\t\t\t<figcaption class=\"widget-image-caption wp-caption-text\">PUBLIC TRANSPORT<\/figcaption>\n\t\t\t\t\t\t\t\t\t\t<\/figure>\n\t\t\t\t\t\t\t\t\t<\/div>\n\t\t\t\t<\/div>\n\t\t\t\t\t<\/div>\n\t\t<\/div>\n\t\t\t\t<div class=\"elementor-column elementor-col-25 elementor-top-column elementor-element elementor-element-0a47393\" data-id=\"0a47393\" data-element_type=\"column\" data-e-type=\"column\">\n\t\t\t<div class=\"elementor-widget-wrap elementor-element-populated\">\n\t\t\t\t\t\t<div class=\"elementor-element elementor-element-1cceb2a elementor-widget elementor-widget-image\" data-id=\"1cceb2a\" data-element_type=\"widget\" data-e-type=\"widget\" data-widget_type=\"image.default\">\n\t\t\t\t<div class=\"elementor-widget-container\">\n\t\t\t\t\t\t\t\t\t\t\t\t<figure class=\"wp-caption\">\n\t\t\t\t\t\t\t\t\t\t\t<a href=\"http:\/\/banjaluka.travel\/bih\/en\/parking-lots\/\">\n\t\t\t\t\t\t\t<img decoding=\"async\" src=\"https:\/\/banjaluka.travel\/wp-content\/uploads\/2023\/05\/rsz_2rsz_row-different-color-cars-asphalt-parking-lot-cloudy-summer-day-300x300.jpg\" title=\"row of different color cars on asphalt parking lot at cloudy summer day\" alt=\"row of different color cars on asphalt parking lot at cloudy summer day with selective focus\" loading=\"lazy\" \/>\t\t\t\t\t\t\t\t<\/a>\n\t\t\t\t\t\t\t\t\t\t\t<figcaption class=\"widget-image-caption wp-caption-text\">PARKING LOTS<\/figcaption>\n\t\t\t\t\t\t\t\t\t\t<\/figure>\n\t\t\t\t\t\t\t\t\t<\/div>\n\t\t\t\t<\/div>\n\t\t\t\t\t<\/div>\n\t\t<\/div>\n\t\t\t\t\t<\/div>\n\t\t<\/section>\n\t\t\t\t<\/div>","protected":false},"excerpt":{"rendered":"<p>Getting here &#038; around Getting here By Plane For coming to Banja Luka you can use Banjaluka, Zagreb, Sarajevo or Belgrade airport. If you use neighbouring airports you will have to use transfer to Banja Luka by some other vehicle (bus, train, rent-a-car and so on.)International airport Banja Luka is located on the west side [&hellip;]<\/p>\n","protected":false},"author":1303,"featured_media":0,"parent":0,"menu_order":0,"comment_status":"closed","ping_status":"closed","template":"","meta":{"footnotes":""},"class_list":["post-3474","page","type-page","status-publish","hentry"],"aioseo_notices":[],"acf":[],"_links":{"self":[{"href":"https:\/\/banjaluka.travel\/bih\/wp-json\/wp\/v2\/pages\/3474","targetHints":{"allow":["GET"]}}],"collection":[{"href":"https:\/\/banjaluka.travel\/bih\/wp-json\/wp\/v2\/pages"}],"about":[{"href":"https:\/\/banjaluka.travel\/bih\/wp-json\/wp\/v2\/types\/page"}],"author":[{"embeddable":true,"href":"https:\/\/banjaluka.travel\/bih\/wp-json\/wp\/v2\/users\/1303"}],"replies":[{"embeddable":true,"href":"https:\/\/banjaluka.travel\/bih\/wp-json\/wp\/v2\/comments?post=3474"}],"version-history":[{"count":0,"href":"https:\/\/banjaluka.travel\/bih\/wp-json\/wp\/v2\/pages\/3474\/revisions"}],"wp:attachment":[{"href":"https:\/\/banjaluka.travel\/bih\/wp-json\/wp\/v2\/media?parent=3474"}],"curies":[{"name":"wp","href":"https:\/\/api.w.org\/{rel}","templated":true}]}}