{"id":3035,"date":"2018-02-21T10:23:33","date_gmt":"2018-02-21T10:23:33","guid":{"rendered":"http:\/\/banjaluka.travel\/?page_id=3035"},"modified":"2025-07-23T22:43:54","modified_gmt":"2025-07-23T22:43:54","slug":"contact-us","status":"publish","type":"page","link":"https:\/\/banjaluka.travel\/bih\/contact-us\/","title":{"rendered":"Kontaktirajte nas"},"content":{"rendered":"<div data-elementor-type=\"wp-post\" data-elementor-id=\"3035\" class=\"elementor elementor-3035\">\n\t\t\t\t\t\t<section class=\"elementor-section elementor-top-section elementor-element elementor-element-2f631d9 elementor-section-boxed elementor-section-height-default elementor-section-height-default\" data-id=\"2f631d9\" data-element_type=\"section\">\n\t\t\t\t\t\t<div class=\"elementor-container elementor-column-gap-default\">\n\t\t\t\t\t<div class=\"elementor-column elementor-col-100 elementor-top-column elementor-element elementor-element-7d2117c\" data-id=\"7d2117c\" data-element_type=\"column\">\n\t\t\t<div class=\"elementor-widget-wrap elementor-element-populated\">\n\t\t\t\t\t\t<div class=\"elementor-element elementor-element-942113f elementor-widget elementor-widget-heading\" data-id=\"942113f\" data-element_type=\"widget\" data-widget_type=\"heading.default\">\n\t\t\t\t<div class=\"elementor-widget-container\">\n\t\t\t\t\t<h1 class=\"elementor-heading-title elementor-size-default\">Kontaktirajte nas<\/h1>\t\t\t\t<\/div>\n\t\t\t\t<\/div>\n\t\t\t\t\t<\/div>\n\t\t<\/div>\n\t\t\t\t\t<\/div>\n\t\t<\/section>\n\t\t\t\t<section class=\"elementor-section elementor-top-section elementor-element elementor-element-576fe17 elementor-section-boxed elementor-section-height-default elementor-section-height-default\" data-id=\"576fe17\" data-element_type=\"section\">\n\t\t\t\t\t\t<div class=\"elementor-container elementor-column-gap-default\">\n\t\t\t\t\t<div class=\"elementor-column elementor-col-100 elementor-top-column elementor-element elementor-element-ca7987e\" data-id=\"ca7987e\" data-element_type=\"column\">\n\t\t\t<div class=\"elementor-widget-wrap elementor-element-populated\">\n\t\t\t\t\t\t<div class=\"elementor-element elementor-element-5c46a14 elementor-widget elementor-widget-heading\" data-id=\"5c46a14\" data-element_type=\"widget\" data-widget_type=\"heading.default\">\n\t\t\t\t<div class=\"elementor-widget-container\">\n\t\t\t\t\t<h2 class=\"elementor-heading-title elementor-size-default\">Turisti\u010dka tabla grada Banjaluke<\/h2>\t\t\t\t<\/div>\n\t\t\t\t<\/div>\n\t\t\t\t<div class=\"elementor-element elementor-element-85725ca elementor-widget elementor-widget-text-editor\" data-id=\"85725ca\" data-element_type=\"widget\" data-widget_type=\"text-editor.default\">\n\t\t\t\t<div class=\"elementor-widget-container\">\n\t\t\t\t\t\t\t\t\t<p>Organizaciona struktura Javne ustanove Turisti\u010dke organizacije grada Banja Luka<\/p><p><strong>v.d. direktora<\/strong><br \/>Minja \u0160urlan, diplomirani pravnik<br \/>Vojvode Mom\u010dila 16<br \/>E-mail: <a href=\"mailto:minja.surlan@banjaluka-tourism.com\">minja.surlan@banjaluka-tourism.com<\/a><\/p><p><strong>SLU\u017dBA ZA RAZVOJ TURIZMA<\/strong><\/p><p>Andrea Prerad<br \/>Rukovodilac slu\u017ebe<br \/>Vojvode Mom\u010dila 16<br \/>E-mail: <a href=\"mailto:andrea.orozovic@banjaluka-tourism.com\">andrea.orozovic@banjaluka-tourism.com<\/a><\/p><p>Anita Male\u0161<br \/>Vi\u0161i stru\u010dni saradnik<br \/>Kralja Petra I Kara\u0111or\u0111evi\u0107a 87<br \/>E-mail: <a href=\"mailto:anita.males@banjaluka-tourism.com\">anita.males@banjaluka-tourism.com<\/a><\/p><p>Sla\u0111ana Dodig<br \/>Samostalni stru\u010dni saradnik<br \/>Kralja Petra I Kara\u0111or\u0111evi\u0107a 87<br \/>E-mail: <a href=\"mailto:sladjana.dodig@banjaluka-tourism.com\">sladjana.dodig@banjaluka-tourism.com<\/a><\/p><p>Mira Popovi\u0107 Ivani\u0107<br \/>Stru\u010dni saradnik<br \/>Vojvode Mom\u010dila 16<br \/>E-mail: <a href=\"mailto:mira.ivanic@banjaluka-turizam.com\">mira.ivanic@banjaluka-turizam.com<\/a><\/p><p>Mladen \u0160ukalo<br \/>Samostalni stru\u010dni saradnik<br \/>Kralja Petra I Kara\u0111or\u0111evi\u0107a 87<br \/>E-mail: <a href=\"mailto:mladen.sukalo@banjaluka-tourism.com\">mladen.sukalo@banjaluka-tourism.com<\/a><\/p><p>Irena Popovi\u0107<br \/>Samostalni stru\u010dni saradnik<br \/>Kralja Petra I Kara\u0111or\u0111evi\u0107a 87<br \/>E-mail: <a href=\"mailto:irena.popovic@banjaluka-tourism.com\">irena.popovic@banjaluka-tourism.com<\/a><\/p><p>Andrea Bogdani\u0107<br \/>Samostalni stru\u010dni saradnik<br \/>Vojvode Mom\u010dila 16<br \/>E-mail: <a href=\"mailto:andrea.bogdanic@banjaluka-tourism.com\">andrea.bogdanic@banjaluka-tourism.com<\/a><\/p><p>Davor Kasapovi\u0107<br \/>Samostalni stru\u010dni saradnik<br \/>Vojvode Mom\u010dila 16<br \/>E-mail: <a href=\"mailto:andrea.orozovic@banjaluka-tourism.com\">davor.kasapovic@banjaluka-tourism.com<\/a><\/p><p>Marija Jovanovi\u0107<br \/>Saradnik za poslove prodaje i propagande<br \/>Kralja Petra I Kara\u0111or\u0111evi\u0107a 75<br \/>E-mail: <a href=\"mailto:marija.jovanovic@banjaluka-tourism.com\">marija.jovanovic@banjaluka-tourism.com<\/a><\/p><p>Dalibor \u0106up<br \/>Samostalni stru\u010dni saradnik<br \/>Kralja Petra I Kara\u0111or\u0111evi\u0107a 75<br \/>E-mail: <a href=\"mailto:dalibor.cup@banjaluka-tourism.com\">dalibor.cup@banjaluka-tourism.com<\/a><\/p><p>Milica Radovi\u0107<br \/>Samostalni stru\u010dni saradnik<br \/>Kralja Petra I Kara\u0111or\u0111evi\u0107a 87<br \/>E-mail: <a href=\"mailto:milica.radovic@banjaluka-tourism.com\">milica.radovic@banjaluka-tourism.com<\/a><\/p><p><strong>SLU\u017dBA ZA ODNOSE SA JAVNO\u0160\u0106U I MARKETING<\/strong><\/p><p>Branka Brankovi\u0107<br \/>Stru\u010dni saradnik za odnose sa javno\u0161\u0107u<br \/>Vojvode Mom\u010dila 16<br \/>E-mail: <a href=\"mailto:branka.brankovic@banjaluka-tourism.com\">branka.brankovic@banjaluka-tourism.com<\/a><\/p><p>Marijana Krklji\u0107<br \/>Stru\u010dni saradnik za marketing<br \/>Vojvode Mom\u010dila 16<br \/>E-mail: <a href=\"mailto:marijana.krkljic@banjaluka-tourism.com\">marijana.krkljic@banjaluka-tourism.com<\/a><\/p><p><strong>SLU\u017dBA ZA OP\u0160TE I PRAVNE POSLOVE<\/strong><\/p><p>Davor Borojevi\u0107, diplomirani pravnik<br \/>Rukovodilac slu\u017ebe<br \/>Vojvode Mom\u010dila 16<br \/>E-mail: <a href=\"mailto:davor.borojevic@banjaluka-tourism.com\">davor.borojevic@banjaluka-tourism.com<\/a><\/p><p>Dra\u017een Brdar<br \/>Stru\u010dni saradnik<br \/>Kralja Petra I Kara\u0111or\u0111evi\u0107a 87<br \/>E-mail: <a href=\"mailto:drazen.brdar@banjaluka-tourism.com\">drazen.brdar@banjaluka-tourism.com<\/a><\/p><p>Nada Rokvi\u0107<br \/>Stru\u010dni saradnik<br \/>Vojvode Mom\u010dila 16<br \/>E-mail: <a href=\"mailto:nada.rokvic@banjaluka-tourism.com\">nada.rokvic@banjaluka-tourism.com<\/a><\/p><p><strong>Centrala telefon<\/strong>:<\/p><p>\u00a0 \u00a0 \u00a0 \u00a0 \u00a0+387 (51) 490 300<\/p><p>\u00a0 \u00a0 \u00a0 \u00a0 \u00a0+387 (51) 490 308<\/p><p>Fax: +387 (51) 490 305<\/p><p><strong>Official E-mail<\/strong>: <a href=\"mailto:tobl@teol.net\">tobl@teol.net<\/a><\/p>\t\t\t\t\t\t\t\t<\/div>\n\t\t\t\t<\/div>\n\t\t\t\t\t<\/div>\n\t\t<\/div>\n\t\t\t\t\t<\/div>\n\t\t<\/section>\n\t\t\t\t<\/div>","protected":false},"excerpt":{"rendered":"<p>Contact us Banja Luka Tourism Board Organizational structure of the Tourist Organization of the City of Banja Luka Acting DirectorMinja \u0160urlan, graduate lawyerVojvode Mom\u010dila 16E-mail: minja.surlan@banjaluka-tourism.com Tourism Development Service Andrea PreradService managerVojvode Mom\u010dila 16E-mail: andrea.orozovic@banjaluka-tourism.com Anita Male\u0161Senior AssociateKralja Petra I Kara\u0111or\u0111evi\u0107a 87E-mail: anita.males@banjaluka-tourism.com Sla\u0111ana DodigIndependent expert associateKralja Petra I Kara\u0111or\u0111evi\u0107a 87E-mail: sladjana.dodig@banjaluka-tourism.com Mira Popovi\u0107 Ivani\u0107AssociateVojvode [&hellip;]<\/p>","protected":false},"author":810,"featured_media":0,"parent":0,"menu_order":0,"comment_status":"closed","ping_status":"closed","template":"","meta":{"footnotes":""},"class_list":["post-3035","page","type-page","status-publish","hentry"],"aioseo_notices":[],"acf":[],"_links":{"self":[{"href":"https:\/\/banjaluka.travel\/bih\/wp-json\/wp\/v2\/pages\/3035","targetHints":{"allow":["GET"]}}],"collection":[{"href":"https:\/\/banjaluka.travel\/bih\/wp-json\/wp\/v2\/pages"}],"about":[{"href":"https:\/\/banjaluka.travel\/bih\/wp-json\/wp\/v2\/types\/page"}],"author":[{"embeddable":true,"href":"https:\/\/banjaluka.travel\/bih\/wp-json\/wp\/v2\/users\/810"}],"replies":[{"embeddable":true,"href":"https:\/\/banjaluka.travel\/bih\/wp-json\/wp\/v2\/comments?post=3035"}],"version-history":[{"count":3,"href":"https:\/\/banjaluka.travel\/bih\/wp-json\/wp\/v2\/pages\/3035\/revisions"}],"predecessor-version":[{"id":10595,"href":"https:\/\/banjaluka.travel\/bih\/wp-json\/wp\/v2\/pages\/3035\/revisions\/10595"}],"wp:attachment":[{"href":"https:\/\/banjaluka.travel\/bih\/wp-json\/wp\/v2\/media?parent=3035"}],"curies":[{"name":"wp","href":"https:\/\/api.w.org\/{rel}","templated":true}]}}