{"id":3020,"date":"2018-02-21T09:58:26","date_gmt":"2018-02-21T09:58:26","guid":{"rendered":"http:\/\/banjaluka.travel\/?page_id=3020"},"modified":"2023-05-08T10:26:27","modified_gmt":"2023-05-08T10:26:27","slug":"practical-information","status":"publish","type":"page","link":"https:\/\/banjaluka.travel\/bih\/practical-information\/","title":{"rendered":"Prakti\u010dne informacije"},"content":{"rendered":"\t\t<div data-elementor-type=\"wp-post\" data-elementor-id=\"3020\" class=\"elementor elementor-3020\">\n\t\t\t\t\t\t<section class=\"elementor-section elementor-top-section elementor-element elementor-element-811be7c elementor-section-boxed elementor-section-height-default elementor-section-height-default\" data-id=\"811be7c\" data-element_type=\"section\" data-e-type=\"section\">\n\t\t\t\t\t\t<div class=\"elementor-container elementor-column-gap-default\">\n\t\t\t\t\t<div class=\"elementor-column elementor-col-100 elementor-top-column elementor-element elementor-element-d6e81c9\" data-id=\"d6e81c9\" data-element_type=\"column\" data-e-type=\"column\">\n\t\t\t<div class=\"elementor-widget-wrap elementor-element-populated\">\n\t\t\t\t\t\t<div class=\"elementor-element elementor-element-594bad3 elementor-widget elementor-widget-heading\" data-id=\"594bad3\" data-element_type=\"widget\" data-e-type=\"widget\" data-widget_type=\"heading.default\">\n\t\t\t\t<div class=\"elementor-widget-container\">\n\t\t\t\t\t<h1 class=\"elementor-heading-title elementor-size-default\">Practical information<\/h1>\t\t\t\t<\/div>\n\t\t\t\t<\/div>\n\t\t\t\t\t<\/div>\n\t\t<\/div>\n\t\t\t\t\t<\/div>\n\t\t<\/section>\n\t\t\t\t<section class=\"elementor-section elementor-top-section elementor-element elementor-element-9e0a929 elementor-section-boxed elementor-section-height-default elementor-section-height-default\" data-id=\"9e0a929\" data-element_type=\"section\" data-e-type=\"section\">\n\t\t\t\t\t\t<div class=\"elementor-container elementor-column-gap-default\">\n\t\t\t\t\t<div class=\"elementor-column elementor-col-100 elementor-top-column elementor-element elementor-element-5fb78e2\" data-id=\"5fb78e2\" data-element_type=\"column\" data-e-type=\"column\">\n\t\t\t<div class=\"elementor-widget-wrap elementor-element-populated\">\n\t\t\t\t\t\t<div class=\"elementor-element elementor-element-9779bd8 elementor-widget elementor-widget-heading\" data-id=\"9779bd8\" data-element_type=\"widget\" data-e-type=\"widget\" data-widget_type=\"heading.default\">\n\t\t\t\t<div class=\"elementor-widget-container\">\n\t\t\t\t\t<h2 class=\"elementor-heading-title elementor-size-default\">Banja Luka Visitor Center<\/h2>\t\t\t\t<\/div>\n\t\t\t\t<\/div>\n\t\t\t\t<section class=\"elementor-section elementor-inner-section elementor-element elementor-element-be1e4f7 elementor-section-boxed elementor-section-height-default elementor-section-height-default\" data-id=\"be1e4f7\" data-element_type=\"section\" data-e-type=\"section\">\n\t\t\t\t\t\t<div class=\"elementor-container elementor-column-gap-default\">\n\t\t\t\t\t<div class=\"elementor-column elementor-col-33 elementor-inner-column elementor-element elementor-element-de18a6b\" data-id=\"de18a6b\" data-element_type=\"column\" data-e-type=\"column\">\n\t\t\t<div class=\"elementor-widget-wrap elementor-element-populated\">\n\t\t\t\t\t\t<div class=\"elementor-element elementor-element-e5425e5 elementor-widget elementor-widget-heading\" data-id=\"e5425e5\" data-element_type=\"widget\" data-e-type=\"widget\" data-widget_type=\"heading.default\">\n\t\t\t\t<div class=\"elementor-widget-container\">\n\t\t\t\t\t<h4 class=\"elementor-heading-title elementor-size-default\">Where to find us:<\/h4>\t\t\t\t<\/div>\n\t\t\t\t<\/div>\n\t\t\t\t<div class=\"elementor-element elementor-element-719d962 elementor-widget elementor-widget-text-editor\" data-id=\"719d962\" data-element_type=\"widget\" data-e-type=\"widget\" data-widget_type=\"text-editor.default\">\n\t\t\t\t<div class=\"elementor-widget-container\">\n\t\t\t\t\t\t\t\t\t<p><strong>Banja Luka Tourist Board<\/strong><\/p><p><strong>Address:<\/strong><\/p><p>Kralja Petra I Kara\u0111or\u0111evi\u0107a 87, Banjaluka, Bosnia and Herzegovina<\/p><p><strong>Phone:<\/strong> +387 (51) 490 306<br \/><strong>E-mail:<\/strong> <a href=\"mailto:tobl@teol.net\">tobl@teol.net<\/a><\/p>\t\t\t\t\t\t\t\t<\/div>\n\t\t\t\t<\/div>\n\t\t\t\t\t<\/div>\n\t\t<\/div>\n\t\t\t\t<div class=\"elementor-column elementor-col-66 elementor-inner-column elementor-element elementor-element-5e469c4\" data-id=\"5e469c4\" data-element_type=\"column\" data-e-type=\"column\">\n\t\t\t<div class=\"elementor-widget-wrap elementor-element-populated\">\n\t\t\t\t\t\t<div class=\"elementor-element elementor-element-73ed9c4 elementor-widget elementor-widget-heading\" data-id=\"73ed9c4\" data-element_type=\"widget\" data-e-type=\"widget\" data-widget_type=\"heading.default\">\n\t\t\t\t<div class=\"elementor-widget-container\">\n\t\t\t\t\t<h4 class=\"elementor-heading-title elementor-size-default\">Opening hours<\/h4>\t\t\t\t<\/div>\n\t\t\t\t<\/div>\n\t\t\t\t<div class=\"elementor-element elementor-element-ced990e elementor-widget elementor-widget-text-editor\" data-id=\"ced990e\" data-element_type=\"widget\" data-e-type=\"widget\" data-widget_type=\"text-editor.default\">\n\t\t\t\t<div class=\"elementor-widget-container\">\n\t\t\t\t\t\t\t\t\t<p><em>Monday &#8211; Friday:<\/em> 08:00 &#8211; 18:00<\/p><p><em>Saturday:<\/em> 09:00 &#8211; 14:00<\/p><p><em>Sunday:<\/em> Closed<\/p>\t\t\t\t\t\t\t\t<\/div>\n\t\t\t\t<\/div>\n\t\t\t\t\t<\/div>\n\t\t<\/div>\n\t\t\t\t\t<\/div>\n\t\t<\/section>\n\t\t\t\t\t<\/div>\n\t\t<\/div>\n\t\t\t\t\t<\/div>\n\t\t<\/section>\n\t\t\t\t<section class=\"elementor-section elementor-top-section elementor-element elementor-element-ec334dd elementor-section-boxed elementor-section-height-default elementor-section-height-default\" data-id=\"ec334dd\" data-element_type=\"section\" data-e-type=\"section\">\n\t\t\t\t\t\t<div class=\"elementor-container elementor-column-gap-default\">\n\t\t\t\t\t<div class=\"elementor-column elementor-col-50 elementor-top-column elementor-element elementor-element-c1f67e0\" data-id=\"c1f67e0\" data-element_type=\"column\" data-e-type=\"column\">\n\t\t\t<div class=\"elementor-widget-wrap elementor-element-populated\">\n\t\t\t\t\t\t<div class=\"elementor-element elementor-element-582eaec elementor-widget elementor-widget-text-editor\" data-id=\"582eaec\" data-element_type=\"widget\" data-e-type=\"widget\" data-widget_type=\"text-editor.default\">\n\t\t\t\t<div class=\"elementor-widget-container\">\n\t\t\t\t\t\t\t\t\t[dearpdf id=&#8221;7207&#8243; ][\/dearpdf]\t\t\t\t\t\t\t\t<\/div>\n\t\t\t\t<\/div>\n\t\t\t\t\t<\/div>\n\t\t<\/div>\n\t\t\t\t<div class=\"elementor-column elementor-col-50 elementor-top-column elementor-element elementor-element-5967516\" data-id=\"5967516\" data-element_type=\"column\" data-e-type=\"column\">\n\t\t\t<div class=\"elementor-widget-wrap elementor-element-populated\">\n\t\t\t\t\t\t<div class=\"elementor-element elementor-element-adb265f elementor-widget elementor-widget-text-editor\" data-id=\"adb265f\" data-element_type=\"widget\" data-e-type=\"widget\" data-widget_type=\"text-editor.default\">\n\t\t\t\t<div class=\"elementor-widget-container\">\n\t\t\t\t\t\t\t\t\t[dearpdf id=&#8221;7206&#8243;][\/dearpdf]\t\t\t\t\t\t\t\t\t<\/div>\n\t\t\t\t<\/div>\n\t\t\t\t\t<\/div>\n\t\t<\/div>\n\t\t\t\t\t<\/div>\n\t\t<\/section>\n\t\t\t\t<section class=\"elementor-section elementor-top-section elementor-element elementor-element-0dd0dd3 elementor-section-boxed elementor-section-height-default elementor-section-height-default\" data-id=\"0dd0dd3\" data-element_type=\"section\" data-e-type=\"section\">\n\t\t\t\t\t\t<div class=\"elementor-container elementor-column-gap-default\">\n\t\t\t\t\t<div class=\"elementor-column elementor-col-100 elementor-top-column elementor-element elementor-element-8f9fd93\" data-id=\"8f9fd93\" data-element_type=\"column\" data-e-type=\"column\">\n\t\t\t<div class=\"elementor-widget-wrap elementor-element-populated\">\n\t\t\t\t\t\t<div class=\"elementor-element elementor-element-2373197 elementor-widget elementor-widget-heading\" data-id=\"2373197\" data-element_type=\"widget\" data-e-type=\"widget\" data-widget_type=\"heading.default\">\n\t\t\t\t<div class=\"elementor-widget-container\">\n\t\t\t\t\t<h2 class=\"elementor-heading-title elementor-size-default\">Exchange rates<\/h2>\t\t\t\t<\/div>\n\t\t\t\t<\/div>\n\t\t\t\t<div class=\"elementor-element elementor-element-33c474a elementor-widget elementor-widget-text-editor\" data-id=\"33c474a\" data-element_type=\"widget\" data-e-type=\"widget\" data-widget_type=\"text-editor.default\">\n\t\t\t\t<div class=\"elementor-widget-container\">\n\t\t\t\t\t\t\t\t\t<p>Exchange rates for the current day, for Bosnia and Herzegovina can be seen on the following <a href=\"https:\/\/www.cbbh.ba\/CurrencyExchange\/\">link<\/a>. The daily exchange rate issued by the Central Bank of Bosnia and Herzegovina will be published every working day after 16:00.<\/p>\t\t\t\t\t\t\t\t<\/div>\n\t\t\t\t<\/div>\n\t\t\t\t\t<\/div>\n\t\t<\/div>\n\t\t\t\t\t<\/div>\n\t\t<\/section>\n\t\t\t\t<section class=\"elementor-section elementor-top-section elementor-element elementor-element-084d008 elementor-section-boxed elementor-section-height-default elementor-section-height-default\" data-id=\"084d008\" data-element_type=\"section\" data-e-type=\"section\">\n\t\t\t\t\t\t<div class=\"elementor-container elementor-column-gap-default\">\n\t\t\t\t\t<div class=\"elementor-column elementor-col-100 elementor-top-column elementor-element elementor-element-916062a\" data-id=\"916062a\" data-element_type=\"column\" data-e-type=\"column\">\n\t\t\t<div class=\"elementor-widget-wrap elementor-element-populated\">\n\t\t\t\t\t\t<div class=\"elementor-element elementor-element-50bb5e9 elementor-widget elementor-widget-heading\" data-id=\"50bb5e9\" data-element_type=\"widget\" data-e-type=\"widget\" data-widget_type=\"heading.default\">\n\t\t\t\t<div class=\"elementor-widget-container\">\n\t\t\t\t\t<h2 class=\"elementor-heading-title elementor-size-default\">Banks And Exchange Offices<\/h2>\t\t\t\t<\/div>\n\t\t\t\t<\/div>\n\t\t\t\t\t<\/div>\n\t\t<\/div>\n\t\t\t\t\t<\/div>\n\t\t<\/section>\n\t\t\t\t<section class=\"elementor-section elementor-top-section elementor-element elementor-element-5c545ff elementor-section-boxed elementor-section-height-default elementor-section-height-default\" data-id=\"5c545ff\" data-element_type=\"section\" data-e-type=\"section\">\n\t\t\t\t\t\t<div class=\"elementor-container elementor-column-gap-default\">\n\t\t\t\t\t<div class=\"elementor-column elementor-col-100 elementor-top-column elementor-element elementor-element-d929bfc\" data-id=\"d929bfc\" data-element_type=\"column\" data-e-type=\"column\">\n\t\t\t<div class=\"elementor-widget-wrap elementor-element-populated\">\n\t\t\t\t\t\t<div class=\"elementor-element elementor-element-a36fd00 elementor-widget elementor-widget-shortcode\" data-id=\"a36fd00\" data-element_type=\"widget\" data-e-type=\"widget\" data-widget_type=\"shortcode.default\">\n\t\t\t\t<div class=\"elementor-widget-container\">\n\t\t\t\t\t\t\t<div class=\"elementor-shortcode\">\n<table id=\"tablepress-2\" class=\"tablepress tablepress-id-2\">\n<thead>\n<tr class=\"row-1\">\n\t<th class=\"column-1\">Name<\/th><th class=\"column-2\">Ardess<\/th><th class=\"column-3\">Phone<\/th><th class=\"column-4\">Web<\/th>\n<\/tr>\n<\/thead>\n<tbody class=\"row-striping row-hover\">\n<tr class=\"row-2\">\n\t<td class=\"column-1\">Exclusive Change<\/td><td class=\"column-2\">Aleja Svetog Save 69<\/td><td class=\"column-3\">+38751322230<\/td><td class=\"column-4\">www.exchange.ba<\/td>\n<\/tr>\n<tr class=\"row-3\">\n\t<td class=\"column-1\">Investiciono-razvojna banka RS<\/td><td class=\"column-2\">Vidovdanska 2<\/td><td class=\"column-3\">+38751334700<\/td><td class=\"column-4\">www.irbrs.org<\/td>\n<\/tr>\n<tr class=\"row-4\">\n\t<td class=\"column-1\">Addiko Bank<\/td><td class=\"column-2\">Ivana Franje Juki\u0107a 9<\/td><td class=\"column-3\">+38751241800<\/td><td class=\"column-4\">www.addiko-rs.ba<\/td>\n<\/tr>\n<tr class=\"row-5\">\n\t<td class=\"column-1\">Intesa SanPaolo<\/td><td class=\"column-2\">Trg srpskih junaka 3<\/td><td class=\"column-3\">+38751991862<\/td><td class=\"column-4\">www.intesasanpaolobanka.ba<\/td>\n<\/tr>\n<tr class=\"row-6\">\n\t<td class=\"column-1\">Komercijalna banka<\/td><td class=\"column-2\">Veselina Masle\u0161e 28<\/td><td class=\"column-3\">+38751228208<\/td><td class=\"column-4\">www.kombank-bl.com<\/td>\n<\/tr>\n<tr class=\"row-7\">\n\t<td class=\"column-1\">MF banka<\/td><td class=\"column-2\">Vase Pelagi\u0107a 22<\/td><td class=\"column-3\">+38751492743<\/td><td class=\"column-4\">www.mfbanka.com<\/td>\n<\/tr>\n<tr class=\"row-8\">\n\t<td class=\"column-1\">Nova banka<\/td><td class=\"column-2\">Kralja Alfonsa XIII 37 a <\/td><td class=\"column-3\">+38751333300<\/td><td class=\"column-4\">www.novabanka.com<\/td>\n<\/tr>\n<tr class=\"row-9\">\n\t<td class=\"column-1\">ProCredit Bank <\/td><td class=\"column-2\">Prvog kraji\u0161kog korpusa 54<\/td><td class=\"column-3\">+38751430000<\/td><td class=\"column-4\">www.procreditbank.ba<\/td>\n<\/tr>\n<tr class=\"row-10\">\n\t<td class=\"column-1\">Raiffeisen Bank<\/td><td class=\"column-2\">Vase Pelagi\u0107a 2 <\/td><td class=\"column-3\">080 929 292<\/td><td class=\"column-4\">www.raiffeisenbank.ba<\/td>\n<\/tr>\n<tr class=\"row-11\">\n\t<td class=\"column-1\">UniCredit Bank<\/td><td class=\"column-2\">Marije Bursa\u0107 7<\/td><td class=\"column-3\">+38751243200<\/td><td class=\"column-4\">www.unicreditbank-bl.ba<\/td>\n<\/tr>\n<tr class=\"row-12\">\n\t<td class=\"column-1\">NLB Razvojna banka<\/td><td class=\"column-2\">Kralja Petra I Kara\u0111or\u0111evi\u0107a 85a<\/td><td class=\"column-3\">+38766994945<\/td><td class=\"column-4\">https:\/\/www.nlb-rs.ba\/<\/td>\n<\/tr>\n<tr class=\"row-13\">\n\t<td class=\"column-1\">Sberbank<\/td><td class=\"column-2\">Jevrejska 71<\/td><td class=\"column-3\">+38751241100<\/td><td class=\"column-4\">https:\/\/www.atosbank.ba\/<\/td>\n<\/tr>\n<\/tbody>\n<\/table>\n<\/div>\n\t\t\t\t\t\t<\/div>\n\t\t\t\t<\/div>\n\t\t\t\t\t<\/div>\n\t\t<\/div>\n\t\t\t\t\t<\/div>\n\t\t<\/section>\n\t\t\t\t<\/div>\n\t\t","protected":false},"excerpt":{"rendered":"<p>Practical information Banja Luka Visitor Center Where to find us: Banja Luka Tourist Board Address: Kralja Petra I Kara\u0111or\u0111evi\u0107a 87, Banjaluka, Bosnia and Herzegovina Phone: +387 (51) 490 306E-mail: tobl@teol.net Opening hours Monday &#8211; Friday: 08:00 &#8211; 18:00 Saturday: 09:00 &#8211; 14:00 Sunday: Closed [dearpdf id=&#8221;7207&#8243; ][\/dearpdf][dearpdf id=&#8221;7206&#8243;][\/dearpdf] Exchange rates Exchange rates for the current [&hellip;]<\/p>\n","protected":false},"author":1303,"featured_media":0,"parent":0,"menu_order":0,"comment_status":"closed","ping_status":"closed","template":"","meta":{"footnotes":""},"class_list":["post-3020","page","type-page","status-publish","hentry"],"aioseo_notices":[],"acf":[],"_links":{"self":[{"href":"https:\/\/banjaluka.travel\/bih\/wp-json\/wp\/v2\/pages\/3020","targetHints":{"allow":["GET"]}}],"collection":[{"href":"https:\/\/banjaluka.travel\/bih\/wp-json\/wp\/v2\/pages"}],"about":[{"href":"https:\/\/banjaluka.travel\/bih\/wp-json\/wp\/v2\/types\/page"}],"author":[{"embeddable":true,"href":"https:\/\/banjaluka.travel\/bih\/wp-json\/wp\/v2\/users\/1303"}],"replies":[{"embeddable":true,"href":"https:\/\/banjaluka.travel\/bih\/wp-json\/wp\/v2\/comments?post=3020"}],"version-history":[{"count":0,"href":"https:\/\/banjaluka.travel\/bih\/wp-json\/wp\/v2\/pages\/3020\/revisions"}],"wp:attachment":[{"href":"https:\/\/banjaluka.travel\/bih\/wp-json\/wp\/v2\/media?parent=3020"}],"curies":[{"name":"wp","href":"https:\/\/api.w.org\/{rel}","templated":true}]}}